{"id":952,"date":"2018-03-24T20:20:32","date_gmt":"2018-03-24T19:20:32","guid":{"rendered":"https:\/\/www.groplay.com\/?page_id=952"},"modified":"2020-10-12T15:57:52","modified_gmt":"2020-10-12T13:57:52","slug":"education","status":"publish","type":"page","link":"https:\/\/groplay.com\/sv\/education\/","title":{"rendered":"Grow Play Education &#8211; Spelbaserad undervisning"},"content":{"rendered":"<p><\/p>\n<h1 style=\"text-align: center;\">Grow Play Education<\/h1>\n<h3 style=\"text-align: center;\">Spelbaserad undervisning &#8211; Matematik, NO, Teknik, Musik och Bild, F-3<\/h3>\n<p>Grow Play Education erbjuder spel-baserade l\u00e4randeverktyg f\u00f6r \u00e5rskurs F-3 som engagerar och hj\u00e4lper eleverna att l\u00e4ra sig matematik, NO, teknik och programmering genom probleml\u00f6sning f\u00f6r h\u00e5llbar utveckling.<\/p>\n<p>Vi hj\u00e4lper l\u00e4rare att g\u00f6ra teknik och vetenskap roligt och begripligt f\u00f6r barn. Tillsammans med v\u00e5ra spel f\u00e5r du som l\u00e4rare en utf\u00f6rlig l\u00e4rarhandledning med lektionsplaner och extra inneh\u00e5ll. Idag t\u00e4cker vi \u00e4mnen s\u00e5som: organisk odling, biologisk m\u00e5ngfald, \u00e5tervinning, \u00e5terbruk och f\u00f6roreningar. V\u00e5ra f\u00f6rsta Grow Play skolpaket med guider och information f\u00f6r pedagoger \u00e4r nyligen sl\u00e4ppta. Ladda ned Grow Play skolpaket gratis:<\/p>\n<div class=\"one_half\">\n<h3 style=\"text-align: center;\"><a href=\"https:\/\/www.groplay.com\/garden-school-kit\/\">Odling Skolpaket<\/a><\/h3>\n<p><a href=\"https:\/\/www.groplay.com\/garden-school-kit\/\"><img fetchpriority=\"high\" decoding=\"async\" class=\"img-responsive alignnone wp-image-1423 size-large\" src=\"https:\/\/www.groplay.com\/wp-content\/uploads\/2018\/06\/grogarden_169-720p-1024x576.png\" alt=\"Grow Garden overview\" width=\"1024\" height=\"576\" srcset=\"https:\/\/groplay.com\/wp-content\/uploads\/2018\/06\/grogarden_169-720p-1024x576.png 1024w, https:\/\/groplay.com\/wp-content\/uploads\/2018\/06\/grogarden_169-720p-300x169.png 300w, https:\/\/groplay.com\/wp-content\/uploads\/2018\/06\/grogarden_169-720p-768x432.png 768w, https:\/\/groplay.com\/wp-content\/uploads\/2018\/06\/grogarden_169-720p-267x150.png 267w, https:\/\/groplay.com\/wp-content\/uploads\/2018\/06\/grogarden_169-720p.png 1280w\" sizes=\"(max-width: 1024px) 100vw, 1024px\" \/><\/a><\/p>\n<p style=\"text-align: left;\"><a href=\"https:\/\/www.groplay.com\/garden-school-kit\/\">Odling Skolpaket<\/a> inneh\u00e5ller lektionsplaner, l\u00e4romaterial och ytterligare aktiviteter f\u00f6r att komplementera utbildningsspelet <a href=\"https:\/\/www.groplay.com\/apps\/grow-garden\/\">Grow Garden<\/a>.<\/p>\n<p><\/p><\/div><div class=\"one_half_last\">\n<h3 style=\"text-align: center;\"><a href=\"https:\/\/www.groplay.com\/recycling-school-kit\/\">\u00c5tervinning Skolpaket<\/a><\/h3>\n<p style=\"text-align: left;\"><a href=\"https:\/\/www.groplay.com\/recycling-school-kit\/\"><img decoding=\"async\" class=\"img-responsive alignnone wp-image-1136 size-large\" src=\"https:\/\/www.groplay.com\/wp-content\/uploads\/2018\/04\/grow-recycling-startview-1024x576.jpg\" alt=\"\" width=\"1024\" height=\"576\" \/><\/a><\/p>\n<p style=\"text-align: left;\"><a href=\"https:\/\/www.groplay.com\/recycling-school-kit\/\">\u00c5tervinning Skolpaket<\/a> inneh\u00e5ller lektionsplaner, l\u00e4romaterial och ytterligare aktiviteter f\u00f6r att komplementera utbildningsspelet <a href=\"https:\/\/www.groplay.com\/apps\/grow-recycling\">Grow Recycling<\/a>.<\/p>\n<p><\/p><\/div><div class=\"clear\"><\/div><\/p>\n<h2 style=\"text-align: center;\">Grow Planet<\/h2>\n<p><img loading=\"lazy\" decoding=\"async\" class=\"services_img alignnone wp-image-1663 size-full\" title=\"Grow Planet: Spelbaserat l\u00e4rande, \u00e5k 1-6 i NO, teknik, matematik och h\u00e5llbar utveckling\" src=\"https:\/\/www.groplay.com\/wp-content\/uploads\/2020\/10\/grow-planet-steam-school-game-app.png\" alt=\"Grow Planet: Spelbaserat l\u00e4rande, \u00e5k 1-6 i NO, teknik, matematik och h\u00e5llbar utveckling\" width=\"1280\" height=\"520\" srcset=\"https:\/\/groplay.com\/wp-content\/uploads\/2020\/10\/grow-planet-steam-school-game-app.png 1280w, https:\/\/groplay.com\/wp-content\/uploads\/2020\/10\/grow-planet-steam-school-game-app-300x122.png 300w, https:\/\/groplay.com\/wp-content\/uploads\/2020\/10\/grow-planet-steam-school-game-app-1024x416.png 1024w, https:\/\/groplay.com\/wp-content\/uploads\/2020\/10\/grow-planet-steam-school-game-app-768x312.png 768w, https:\/\/groplay.com\/wp-content\/uploads\/2020\/10\/grow-planet-steam-school-game-app-369x150.png 369w\" sizes=\"(max-width: 1280px) 100vw, 1280px\" \/><\/p>\n<p>Vi \u00e4r i full f\u00e4rd med att utveckla en immersiv l\u00e4rplattform, Grow Planet, i n\u00e4ra samarbete med edtech-acceleratorn xEdu, The Playful Learning Center i Helsingfors samt skolor i Finland och Sverige. Denna l\u00e4randeplattform i en virtuell v\u00e4rld \u00e4r designad f\u00f6r fenomenbaserad undervisning. Elever har m\u00f6jlighet att sj\u00e4lva best\u00e4mma takt och s\u00f6ka hj\u00e4lp hos varandra eller l\u00e4rare.<\/p>\n<p>Om du vill vara med i v\u00e5r samskapande grupp av skolor i Sverige och Finland f\u00f6r att bidra till utvecklingen av Grow Planet, <a href=\"http:\/\/eepurl.com\/dpBDWL\">registrera dig h\u00e4r<\/a>. Vi vill g\u00e4rna vilja ha dig med!<\/p>\n<h2 style=\"text-align: center;\">Nyheter<\/h2>\n<h3 style=\"text-align: center;\">Gro Play lanserar Grow Play Education<\/h3>\n<p><span style=\"font-weight: 400;\">Genom samarbetet med <a rel=\"noopener noreferrer\" href=\"https:\/\/www.xedu.co\/\" target=\"_blank\">xEdu<\/a> och lanseringen av <em>Grow Play Education<\/em> kliver Gro Play in i utbildningssektorn och EdTech-branschen. Grow Play Education erbjuder spelbaserade undersvisningsl\u00f6sningar f\u00f6r l\u00e4rare och barn i \u00e5rskurserna F-3 som st\u00f6d i undervisning i matematik, NO, teknik, progammering och h\u00e5llbar utveckling.\u00a0<\/span><\/p>\n<h3 style=\"text-align: left;\"><a href=\"https:\/\/www.groplay.com\/mohsen_gro_play-2\/\"><img loading=\"lazy\" decoding=\"async\" class=\"alignleft wp-image-1584\" src=\"https:\/\/www.groplay.com\/wp-content\/uploads\/2019\/05\/Mohsen_Gro_Play-1.png\" alt=\"\" width=\"200\" height=\"200\" srcset=\"https:\/\/groplay.com\/wp-content\/uploads\/2019\/05\/Mohsen_Gro_Play-1.png 250w, https:\/\/groplay.com\/wp-content\/uploads\/2019\/05\/Mohsen_Gro_Play-1-150x150.png 150w\" sizes=\"(max-width: 200px) 100vw, 200px\" \/><\/a><\/h3>\n<h3 style=\"text-align: left;\"><strong>Mohsen Saadatmand, doktorand och utbildningsforskare till Grow Planet-gruppen. <\/strong><\/h3>\n<p style=\"text-align: left;\">Mohsen Saandamaat, doktorand och utbildningsforskare vid Playful Learning Center, Helsingfors Universitet, inleder ett forskningsprojekt i Grow Planet-gruppen om <strong>spelbaserat l\u00e4rande<\/strong>\u00a0och undervisning i <strong>matematik<\/strong>, <strong>teknik<\/strong>, <strong>no<\/strong>, <strong>bild<\/strong> och <strong>musik<\/strong>, samt <strong>h\u00e5llbar utveckling<\/strong>, i de tidiga skol\u00e5ldrarna. M\u00e5let \u00e4r att g\u00f6ra l\u00e4rande inom vetenskap engagerande och lekfullt genom att kombinera digitala spelmilj\u00f6er med situationer ur verkligheten f\u00f6r att binda samman informella och formella l\u00e4randeupplevelser och l\u00e4ra ut och \u00f6va probleml\u00f6sning bland elever i \u00e5k 1-3.<\/p>\n<h3 style=\"text-align: left;\"><img loading=\"lazy\" decoding=\"async\" class=\"alignleft wp-image-1000\" src=\"https:\/\/www.groplay.com\/wp-content\/uploads\/2018\/03\/Lisa2BW-e1522157408707.jpg\" alt=\"Lisa Adelsk\u00f6ld, Head of Pedagogic Content\" width=\"200\" height=\"200\" \/>Lisa\u00a0Adelsk\u00f6ld ansluter sig till Gro\u00a0Play<\/h3>\n<p style=\"text-align: left;\">Lisa Adelsk\u00f6ld, f\u00f6re detta verksamhetschef p\u00e5 <a rel=\"noopener noreferrer\" href=\"http:\/\/www.hsr.se\" target=\"_blank\">H\u00e5ll Sverige Rent<\/a> har anslutit till Gro Play som pedagogikansvarig. Lisa \u00e4r ekolog med 15 \u00e5rs erfarenhet av att jobba med l\u00e4rande f\u00f6r h\u00e5llbar utveckling. Hennes drivkraft \u00e4r att inspirera barn till att l\u00e4ra sig f\u00f6r en mer h\u00e5llbar framtid, genom att fokusera p\u00e5 handlingskompetens. I hennes nya roll leder Lisa utvecklingen av ber\u00e4ttande och inneh\u00e5ll i matematik, NO, teknik och programmering, integrerat med h\u00e5llbarhetspedagogik f\u00f6r att skapa en verkligt immersiv och motiverande l\u00e4rupplevelser.<\/p>\n<h3 style=\"text-align: left;\"><a href=\"https:\/\/www.groplay.com\/wp-content\/uploads\/2018\/03\/xEDU_ForWebsite.png\"><img loading=\"lazy\" decoding=\"async\" class=\"alignleft wp-image-1028\" src=\"https:\/\/www.groplay.com\/wp-content\/uploads\/2018\/03\/xEDU_ForWebsite-300x300.png\" alt=\"xEdu logo\" width=\"200\" height=\"200\" srcset=\"https:\/\/groplay.com\/wp-content\/uploads\/2018\/03\/xEDU_ForWebsite-300x300.png 300w, https:\/\/groplay.com\/wp-content\/uploads\/2018\/03\/xEDU_ForWebsite-150x150.png 150w, https:\/\/groplay.com\/wp-content\/uploads\/2018\/03\/xEDU_ForWebsite.png 602w\" sizes=\"(max-width: 200px) 100vw, 200px\" \/><\/a>Gro\u00a0Play accepterad till xEdu&#8217;s acceleratorprogram i Helsingfors<\/h3>\n<p style=\"text-align: left;\">Gro Play har g\u00e5tt med i v\u00e5rens\u00a0acceleratorprogram hos <a rel=\"noopener noreferrer\" href=\"http:\/\/www.xedu.co\" target=\"_blank\">xEdu<\/a> i Helsingfors. xEdu \u00e4r Europas fr\u00e4msta f\u00f6retagsaccelerator f\u00f6r edtech-startups med innovativa l\u00e4randel\u00f6sningar med stor pedagogisk genomslagskraft. Fr\u00e5n produktutveckling till lansering och internationalisering. F\u00f6r att ytterligare st\u00e4rka sin st\u00e4llning inom EdTech har Gro Play ocks\u00e5 g\u00e5tt med i den svenska branschorgansiationen <a rel=\"noopener noreferrer\" href=\"http:\/\/swedishedtechindustry.se\/tseia\/\" target=\"_blank\">Swedish EdTech Industry<\/a>.<\/p>\n<h3><\/h3>\n<p><img loading=\"lazy\" decoding=\"async\" class=\"services_img alignnone wp-image-1170 size-full\" src=\"https:\/\/www.groplay.com\/wp-content\/uploads\/2018\/04\/xEdu_webpage-1280w.jpg\" alt=\"\" width=\"1280\" height=\"721\" srcset=\"https:\/\/groplay.com\/wp-content\/uploads\/2018\/04\/xEdu_webpage-1280w.jpg 1280w, https:\/\/groplay.com\/wp-content\/uploads\/2018\/04\/xEdu_webpage-1280w-300x169.jpg 300w, https:\/\/groplay.com\/wp-content\/uploads\/2018\/04\/xEdu_webpage-1280w-768x433.jpg 768w, https:\/\/groplay.com\/wp-content\/uploads\/2018\/04\/xEdu_webpage-1280w-1024x577.jpg 1024w, https:\/\/groplay.com\/wp-content\/uploads\/2018\/04\/xEdu_webpage-1280w-266x150.jpg 266w\" sizes=\"(max-width: 1280px) 100vw, 1280px\" \/><\/p>","protected":false},"excerpt":{"rendered":"<p>Grow Play Education Spelbaserad undervisning &#8211; Matematik, NO, Teknik, Musik och Bild, F-3 Grow Play Education erbjuder spel-baserade l\u00e4randeverktyg f\u00f6r \u00e5rskurs F-3 som engagerar och hj\u00e4lper eleverna att l\u00e4ra sig matematik, NO, teknik och programmering genom probleml\u00f6sning f\u00f6r h\u00e5llbar utveckling. Vi hj\u00e4lper l\u00e4rare att g\u00f6ra teknik och vetenskap roligt och begripligt f\u00f6r barn. Tillsammans med [&hellip;]<\/p>\n","protected":false},"author":6,"featured_media":0,"parent":0,"menu_order":0,"comment_status":"closed","ping_status":"closed","template":"","meta":{"_acf_changed":false,"footnotes":""},"class_list":["post-952","page","type-page","status-publish","hentry","wpautop"],"acf":[],"yoast_head":"<!-- This site is optimized with the Yoast SEO plugin v25.0 - https:\/\/yoast.com\/wordpress\/plugins\/seo\/ -->\n<title>Grow Play Education - STEAM Educational Games<\/title>\n<meta name=\"description\" content=\"Try Grow Play Education School Kits for FREE. Educational games for STEAM and sustainability. Join our educator co-creation network for future games.\" \/>\n<meta name=\"robots\" content=\"index, follow, max-snippet:-1, max-image-preview:large, max-video-preview:-1\" \/>\n<link rel=\"canonical\" href=\"https:\/\/groplay.com\/education\/\" \/>\n<meta name=\"twitter:card\" content=\"summary_large_image\" \/>\n<meta name=\"twitter:title\" content=\"Grow Play Education - STEAM Educational Games\" \/>\n<meta name=\"twitter:description\" content=\"Try Grow Play Education School Kits for FREE. Educational games for STEAM and sustainability. Join our educator co-creation network for future games.\" \/>\n<meta name=\"twitter:image\" content=\"https:\/\/groplay.com\/wp-content\/uploads\/2020\/10\/grow-planet-steam-school-game-app.png\" \/>\n<meta name=\"twitter:site\" content=\"@groplay\" \/>\n<meta name=\"twitter:label1\" content=\"Ber\u00e4knad l\u00e4stid\" \/>\n\t<meta name=\"twitter:data1\" content=\"5 minuter\" \/>\n<script type=\"application\/ld+json\" class=\"yoast-schema-graph\">{\"@context\":\"https:\/\/schema.org\",\"@graph\":[{\"@type\":\"WebPage\",\"@id\":\"https:\/\/groplay.com\/education\/\",\"url\":\"https:\/\/groplay.com\/education\/\",\"name\":\"Grow Play Education - STEAM Educational Games\",\"isPartOf\":{\"@id\":\"https:\/\/groplay.com\/sv\/#website\"},\"primaryImageOfPage\":{\"@id\":\"https:\/\/groplay.com\/education\/#primaryimage\"},\"image\":{\"@id\":\"https:\/\/groplay.com\/education\/#primaryimage\"},\"thumbnailUrl\":\"https:\/\/www.groplay.com\/wp-content\/uploads\/2018\/06\/grogarden_169-720p-1024x576.png\",\"datePublished\":\"2018-03-24T19:20:32+00:00\",\"dateModified\":\"2020-10-12T13:57:52+00:00\",\"description\":\"Try Grow Play Education School Kits for FREE. Educational games for STEAM and sustainability. Join our educator co-creation network for future games.\",\"breadcrumb\":{\"@id\":\"https:\/\/groplay.com\/education\/#breadcrumb\"},\"inLanguage\":\"sv-SE\",\"potentialAction\":[{\"@type\":\"ReadAction\",\"target\":[\"https:\/\/groplay.com\/education\/\"]}]},{\"@type\":\"ImageObject\",\"inLanguage\":\"sv-SE\",\"@id\":\"https:\/\/groplay.com\/education\/#primaryimage\",\"url\":\"https:\/\/www.groplay.com\/wp-content\/uploads\/2018\/06\/grogarden_169-720p-1024x576.png\",\"contentUrl\":\"https:\/\/www.groplay.com\/wp-content\/uploads\/2018\/06\/grogarden_169-720p-1024x576.png\"},{\"@type\":\"BreadcrumbList\",\"@id\":\"https:\/\/groplay.com\/education\/#breadcrumb\",\"itemListElement\":[{\"@type\":\"ListItem\",\"position\":1,\"name\":\"Home\",\"item\":\"https:\/\/groplay.com\/\"},{\"@type\":\"ListItem\",\"position\":2,\"name\":\"Grow Play Education &#8211; STEAM Educational Games\"}]},{\"@type\":\"WebSite\",\"@id\":\"https:\/\/groplay.com\/sv\/#website\",\"url\":\"https:\/\/groplay.com\/sv\/\",\"name\":\"Gro Play\",\"description\":\"Playing to change the world\",\"publisher\":{\"@id\":\"https:\/\/groplay.com\/sv\/#organization\"},\"potentialAction\":[{\"@type\":\"SearchAction\",\"target\":{\"@type\":\"EntryPoint\",\"urlTemplate\":\"https:\/\/groplay.com\/sv\/?s={search_term_string}\"},\"query-input\":{\"@type\":\"PropertyValueSpecification\",\"valueRequired\":true,\"valueName\":\"search_term_string\"}}],\"inLanguage\":\"sv-SE\"},{\"@type\":\"Organization\",\"@id\":\"https:\/\/groplay.com\/sv\/#organization\",\"name\":\"Gro Play\",\"url\":\"https:\/\/groplay.com\/sv\/\",\"logo\":{\"@type\":\"ImageObject\",\"inLanguage\":\"sv-SE\",\"@id\":\"https:\/\/groplay.com\/sv\/#\/schema\/logo\/image\/\",\"url\":\"https:\/\/www.groplay.com\/wp-content\/uploads\/2012\/11\/logo_small.png\",\"contentUrl\":\"https:\/\/www.groplay.com\/wp-content\/uploads\/2012\/11\/logo_small.png\",\"width\":\"93\",\"height\":\"109\",\"caption\":\"Gro Play\"},\"image\":{\"@id\":\"https:\/\/groplay.com\/sv\/#\/schema\/logo\/image\/\"},\"sameAs\":[\"https:\/\/www.facebook.com\/GroPlay\/\",\"https:\/\/x.com\/groplay\",\"https:\/\/www.instagram.com\/groplay\/\",\"https:\/\/www.linkedin.com\/company\/gro-play-digital\",\"https:\/\/www.pinterest.se\/groplay\/\",\"https:\/\/www.youtube.com\/channel\/UCb0NwSqwHWMSlqMaLlcxDTA\"]}]}<\/script>\n<!-- \/ Yoast SEO plugin. -->","yoast_head_json":{"title":"Grow Play Education - STEAM Educational Games","description":"Try Grow Play Education School Kits for FREE. Educational games for STEAM and sustainability. Join our educator co-creation network for future games.","robots":{"index":"index","follow":"follow","max-snippet":"max-snippet:-1","max-image-preview":"max-image-preview:large","max-video-preview":"max-video-preview:-1"},"canonical":"https:\/\/groplay.com\/education\/","twitter_card":"summary_large_image","twitter_title":"Grow Play Education - STEAM Educational Games","twitter_description":"Try Grow Play Education School Kits for FREE. Educational games for STEAM and sustainability. Join our educator co-creation network for future games.","twitter_image":"https:\/\/groplay.com\/wp-content\/uploads\/2020\/10\/grow-planet-steam-school-game-app.png","twitter_site":"@groplay","twitter_misc":{"Ber\u00e4knad l\u00e4stid":"5 minuter"},"schema":{"@context":"https:\/\/schema.org","@graph":[{"@type":"WebPage","@id":"https:\/\/groplay.com\/education\/","url":"https:\/\/groplay.com\/education\/","name":"Grow Play Education - STEAM Educational Games","isPartOf":{"@id":"https:\/\/groplay.com\/sv\/#website"},"primaryImageOfPage":{"@id":"https:\/\/groplay.com\/education\/#primaryimage"},"image":{"@id":"https:\/\/groplay.com\/education\/#primaryimage"},"thumbnailUrl":"https:\/\/www.groplay.com\/wp-content\/uploads\/2018\/06\/grogarden_169-720p-1024x576.png","datePublished":"2018-03-24T19:20:32+00:00","dateModified":"2020-10-12T13:57:52+00:00","description":"Try Grow Play Education School Kits for FREE. Educational games for STEAM and sustainability. Join our educator co-creation network for future games.","breadcrumb":{"@id":"https:\/\/groplay.com\/education\/#breadcrumb"},"inLanguage":"sv-SE","potentialAction":[{"@type":"ReadAction","target":["https:\/\/groplay.com\/education\/"]}]},{"@type":"ImageObject","inLanguage":"sv-SE","@id":"https:\/\/groplay.com\/education\/#primaryimage","url":"https:\/\/www.groplay.com\/wp-content\/uploads\/2018\/06\/grogarden_169-720p-1024x576.png","contentUrl":"https:\/\/www.groplay.com\/wp-content\/uploads\/2018\/06\/grogarden_169-720p-1024x576.png"},{"@type":"BreadcrumbList","@id":"https:\/\/groplay.com\/education\/#breadcrumb","itemListElement":[{"@type":"ListItem","position":1,"name":"Home","item":"https:\/\/groplay.com\/"},{"@type":"ListItem","position":2,"name":"Grow Play Education &#8211; STEAM Educational Games"}]},{"@type":"WebSite","@id":"https:\/\/groplay.com\/sv\/#website","url":"https:\/\/groplay.com\/sv\/","name":"Gro Play","description":"Playing to change the world","publisher":{"@id":"https:\/\/groplay.com\/sv\/#organization"},"potentialAction":[{"@type":"SearchAction","target":{"@type":"EntryPoint","urlTemplate":"https:\/\/groplay.com\/sv\/?s={search_term_string}"},"query-input":{"@type":"PropertyValueSpecification","valueRequired":true,"valueName":"search_term_string"}}],"inLanguage":"sv-SE"},{"@type":"Organization","@id":"https:\/\/groplay.com\/sv\/#organization","name":"Gro Play","url":"https:\/\/groplay.com\/sv\/","logo":{"@type":"ImageObject","inLanguage":"sv-SE","@id":"https:\/\/groplay.com\/sv\/#\/schema\/logo\/image\/","url":"https:\/\/www.groplay.com\/wp-content\/uploads\/2012\/11\/logo_small.png","contentUrl":"https:\/\/www.groplay.com\/wp-content\/uploads\/2012\/11\/logo_small.png","width":"93","height":"109","caption":"Gro Play"},"image":{"@id":"https:\/\/groplay.com\/sv\/#\/schema\/logo\/image\/"},"sameAs":["https:\/\/www.facebook.com\/GroPlay\/","https:\/\/x.com\/groplay","https:\/\/www.instagram.com\/groplay\/","https:\/\/www.linkedin.com\/company\/gro-play-digital","https:\/\/www.pinterest.se\/groplay\/","https:\/\/www.youtube.com\/channel\/UCb0NwSqwHWMSlqMaLlcxDTA"]}]}},"_links":{"self":[{"href":"https:\/\/groplay.com\/sv\/wp-json\/wp\/v2\/pages\/952","targetHints":{"allow":["GET"]}}],"collection":[{"href":"https:\/\/groplay.com\/sv\/wp-json\/wp\/v2\/pages"}],"about":[{"href":"https:\/\/groplay.com\/sv\/wp-json\/wp\/v2\/types\/page"}],"author":[{"embeddable":true,"href":"https:\/\/groplay.com\/sv\/wp-json\/wp\/v2\/users\/6"}],"replies":[{"embeddable":true,"href":"https:\/\/groplay.com\/sv\/wp-json\/wp\/v2\/comments?post=952"}],"version-history":[{"count":86,"href":"https:\/\/groplay.com\/sv\/wp-json\/wp\/v2\/pages\/952\/revisions"}],"predecessor-version":[{"id":1676,"href":"https:\/\/groplay.com\/sv\/wp-json\/wp\/v2\/pages\/952\/revisions\/1676"}],"wp:attachment":[{"href":"https:\/\/groplay.com\/sv\/wp-json\/wp\/v2\/media?parent=952"}],"curies":[{"name":"wp","href":"https:\/\/api.w.org\/{rel}","templated":true}]}}