{"id":8,"date":"2012-11-11T22:14:34","date_gmt":"2012-11-11T21:14:34","guid":{"rendered":"https:\/\/www.groplay.com\/?page_id=8"},"modified":"2024-02-19T15:02:41","modified_gmt":"2024-02-19T14:02:41","slug":"about","status":"publish","type":"page","link":"https:\/\/groplay.com\/sv\/about\/","title":{"rendered":"Om oss"},"content":{"rendered":"\t\t<div data-elementor-type=\"wp-page\" data-elementor-id=\"8\" class=\"elementor elementor-8\">\n\t\t\t\t<div class=\"elementor-element elementor-element-7d3f8b00 e-flex e-con-boxed e-con e-parent\" data-id=\"7d3f8b00\" data-element_type=\"container\" data-settings=\"{&quot;background_background&quot;:&quot;classic&quot;}\">\n\t\t\t\t\t<div class=\"e-con-inner\">\n\t\t\t\t<div class=\"elementor-element elementor-element-23aec4c elementor-widget elementor-widget-heading\" data-id=\"23aec4c\" data-element_type=\"widget\" data-widget_type=\"heading.default\">\n\t\t\t\t<div class=\"elementor-widget-container\">\n\t\t\t\t\t<h1 class=\"elementor-heading-title elementor-size-default\"> Vi skapar BRA SPEL-upplevelser <\/h1>\t\t\t\t<\/div>\n\t\t\t\t<\/div>\n\t\t\t\t<div class=\"elementor-element elementor-element-93511bf elementor-widget elementor-widget-text-editor\" data-id=\"93511bf\" data-element_type=\"widget\" data-widget_type=\"text-editor.default\">\n\t\t\t\t<div class=\"elementor-widget-container\">\n\t\t\t\t\t\t\t\t\t<p><\/p><p>P\u00e5 Gro Play skapar vi BRA SPEL-upplevelser f\u00f6r att underh\u00e5lla och inspirera barn och deras familjer till att l\u00e4ra sig mer om h\u00e4lsa, v\u00e4lbefinnande och h\u00e5llbar livsstil. Vi tror att lek och spel \u00e4r inte bara det roligaste utan \u00e4ven det mest kraftfulla s\u00e4ttet att l\u00e4ra sig. Genom att underh\u00e5lla och inspirera barn och deras familjer, skapar vi tillsammans en sundare och mer h\u00e5llbar framtid.<\/p>\t\t\t\t\t\t\t\t<\/div>\n\t\t\t\t<\/div>\n\t\t\t\t<div class=\"elementor-element elementor-element-57df95a elementor-widget elementor-widget-text-editor\" data-id=\"57df95a\" data-element_type=\"widget\" data-widget_type=\"text-editor.default\">\n\t\t\t\t<div class=\"elementor-widget-container\">\n\t\t\t\t\t\t\t\t\t<p><span style=\"text-align: var(--text-align); color: var(--body-text);\">P\u00e5 Gro Play publicerar vi v\u00e5ra egna titlar f\u00f6r en global publik. Se mer om v\u00e5ra <\/span><a href=\"https:\/\/www.groplay.com\/apps\/\">appar<\/a><span style=\"text-align: var(--text-align); color: var(--body-text);\">.\u00a0<\/span><span style=\"text-align: var(--text-align); color: var(--body-text);\">Vi hj\u00e4lper ocks\u00e5 varum\u00e4rken, f\u00f6retag och organisationer att utveckla spel och underh\u00e5llning. L\u00e4s mer om <\/span><a href=\"https:\/\/www.groplay.com\/services\/\">saker vi har gjort<\/a><span style=\"text-align: var(--text-align); color: var(--body-text);\">\u00a0hittills.<\/span><\/p>\t\t\t\t\t\t\t\t<\/div>\n\t\t\t\t<\/div>\n\t\t\t\t<div class=\"elementor-element elementor-element-33b9293 elementor-widget elementor-widget-text-editor\" data-id=\"33b9293\" data-element_type=\"widget\" data-widget_type=\"text-editor.default\">\n\t\t\t\t<div class=\"elementor-widget-container\">\n\t\t\t\t\t\t\t\t\t<p>Gro Play \u00e4r en\u00a0<a rel=\"noopener noreferrer\" href=\"https:\/\/sting.co\/en\/sting-companies\/\" target=\"_blank\">STING alumni<\/a>\u00a0och har varit en del av\u00a0<a rel=\"noopener noreferrer\" href=\"http:\/\/www.reachforchange.org\/\" target=\"_blank\">Reach for Change-programmet<\/a>\u00a0med m\u00e5let att hj\u00e4lpa barn och ungdomar till ett b\u00e4ttre liv. Gro Play \u00e4r en stolt vinnare av den svenska Living Green-utm\u00e4rkelsen 2012.<\/p>\t\t\t\t\t\t\t\t<\/div>\n\t\t\t\t<\/div>\n\t\t\t\t<div class=\"elementor-element elementor-element-0f72a17 elementor-widget elementor-widget-text-editor\" data-id=\"0f72a17\" data-element_type=\"widget\" data-widget_type=\"text-editor.default\">\n\t\t\t\t<div class=\"elementor-widget-container\">\n\t\t\t\t\t\t\t\t\t<p>Nedan finns l\u00e4nkar till olika sidor vi blivit omn\u00e4mnda p\u00e5.<\/p><div>\u00a0<\/div>\t\t\t\t\t\t\t\t<\/div>\n\t\t\t\t<\/div>\n\t\t\t\t\t<\/div>\n\t\t\t\t<\/div>\n\t\t<div class=\"elementor-element elementor-element-e72bcc5 e-flex e-con-boxed e-con e-parent\" data-id=\"e72bcc5\" data-element_type=\"container\">\n\t\t\t\t\t<div class=\"e-con-inner\">\n\t\t\t\t<div class=\"elementor-element elementor-element-7b3e85f elementor-widget elementor-widget-image-carousel\" data-id=\"7b3e85f\" data-element_type=\"widget\" id=\"logo-carousel\" data-settings=\"{&quot;slides_to_show&quot;:&quot;5&quot;,&quot;slides_to_show_tablet&quot;:&quot;3&quot;,&quot;slides_to_show_mobile&quot;:&quot;2&quot;,&quot;slides_to_scroll&quot;:&quot;1&quot;,&quot;navigation&quot;:&quot;none&quot;,&quot;autoplay_speed&quot;:1000,&quot;pause_on_interaction&quot;:&quot;no&quot;,&quot;image_spacing_custom_mobile&quot;:{&quot;unit&quot;:&quot;px&quot;,&quot;size&quot;:20,&quot;sizes&quot;:[]},&quot;image_spacing_custom&quot;:{&quot;unit&quot;:&quot;px&quot;,&quot;size&quot;:75,&quot;sizes&quot;:[]},&quot;autoplay&quot;:&quot;yes&quot;,&quot;pause_on_hover&quot;:&quot;yes&quot;,&quot;infinite&quot;:&quot;yes&quot;,&quot;speed&quot;:500,&quot;image_spacing_custom_tablet&quot;:{&quot;unit&quot;:&quot;px&quot;,&quot;size&quot;:&quot;&quot;,&quot;sizes&quot;:[]}}\" data-widget_type=\"image-carousel.default\">\n\t\t\t\t<div class=\"elementor-widget-container\">\n\t\t\t\t\t\t\t<div class=\"elementor-image-carousel-wrapper swiper\" role=\"region\" aria-roledescription=\"carousel\" aria-label=\"Bildkarusell\" dir=\"ltr\">\n\t\t\t<div class=\"elementor-image-carousel swiper-wrapper\" aria-live=\"off\">\n\t\t\t\t\t\t\t\t<div class=\"swiper-slide\" role=\"group\" aria-roledescription=\"slide\" aria-label=\"1 av 9\"><figure class=\"swiper-slide-inner\"><img decoding=\"async\" class=\"swiper-slide-image\" src=\"https:\/\/groplay.com\/wp-content\/uploads\/2024\/01\/usatoday1.png\" alt=\"https:\/\/eu.usatoday.com\/story\/tech\/columnist\/gudmundsen\/2015\/08\/02\/summer-apps\/30877989\/\" \/><\/figure><\/div><div class=\"swiper-slide\" role=\"group\" aria-roledescription=\"slide\" aria-label=\"2 av 9\"><figure class=\"swiper-slide-inner\"><img decoding=\"async\" class=\"swiper-slide-image\" src=\"https:\/\/groplay.com\/wp-content\/uploads\/2024\/01\/theguardian1.png\" alt=\"https:\/\/www.theguardian.com\/technology\/appsblog\/2013\/feb\/01\/best-ios-apps-table-top-racing-star-trek\" \/><\/figure><\/div><div class=\"swiper-slide\" role=\"group\" aria-roledescription=\"slide\" aria-label=\"3 av 9\"><figure class=\"swiper-slide-inner\"><img decoding=\"async\" class=\"swiper-slide-image\" src=\"https:\/\/groplay.com\/wp-content\/uploads\/2024\/01\/engadget1.png\" alt=\"https:\/\/www.engadget.com\/2014-08-25-nourish-knowledge-with-gro-garden.html\" \/><\/figure><\/div><div class=\"swiper-slide\" role=\"group\" aria-roledescription=\"slide\" aria-label=\"4 av 9\"><figure class=\"swiper-slide-inner\"><img decoding=\"async\" class=\"swiper-slide-image\" src=\"https:\/\/groplay.com\/wp-content\/uploads\/2024\/01\/pappasappar1-150x78-1.png\" alt=\"https:\/\/www.pappasappar.se\/utvecklare\/gro-play\/\" \/><\/figure><\/div><div class=\"swiper-slide\" role=\"group\" aria-roledescription=\"slide\" aria-label=\"5 av 9\"><figure class=\"swiper-slide-inner\"><img decoding=\"async\" class=\"swiper-slide-image\" src=\"https:\/\/groplay.com\/wp-content\/uploads\/2024\/01\/appgemeinde.png\" alt=\"appgemeinde\" \/><\/figure><\/div><div class=\"swiper-slide\" role=\"group\" aria-roledescription=\"slide\" aria-label=\"6 av 9\"><figure class=\"swiper-slide-inner\"><img decoding=\"async\" class=\"swiper-slide-image\" src=\"https:\/\/groplay.com\/wp-content\/uploads\/2024\/01\/skolappar1.png\" alt=\"https:\/\/www.skolappar.nu\/gro-book\/\" \/><\/figure><\/div><div class=\"swiper-slide\" role=\"group\" aria-roledescription=\"slide\" aria-label=\"7 av 9\"><figure class=\"swiper-slide-inner\"><img decoding=\"async\" class=\"swiper-slide-image\" src=\"https:\/\/groplay.com\/wp-content\/uploads\/2024\/01\/supported-by-sting.png\" alt=\"https:\/\/www.sting.co\/\" \/><\/figure><\/div><div class=\"swiper-slide\" role=\"group\" aria-roledescription=\"slide\" aria-label=\"8 av 9\"><figure class=\"swiper-slide-inner\"><img decoding=\"async\" class=\"swiper-slide-image\" src=\"https:\/\/groplay.com\/wp-content\/uploads\/2024\/01\/playing-for-change.png\" alt=\"https:\/\/reachforchange.org\/\" \/><\/figure><\/div><div class=\"swiper-slide\" role=\"group\" aria-roledescription=\"slide\" aria-label=\"9 av 9\"><figure class=\"swiper-slide-inner\"><img decoding=\"async\" class=\"swiper-slide-image\" src=\"https:\/\/groplay.com\/wp-content\/uploads\/2024\/01\/xedu2018badge-150x150-1.png\" alt=\"https:\/\/www.xedu.co\/\" \/><\/figure><\/div>\t\t\t<\/div>\n\t\t\t\t\t\t\t\n\t\t\t\t\t\t\t\t\t<\/div>\n\t\t\t\t\t\t<\/div>\n\t\t\t\t<\/div>\n\t\t\t\t<div class=\"elementor-element elementor-element-2c3a3d5 elementor-widget elementor-widget-html\" data-id=\"2c3a3d5\" data-element_type=\"widget\" data-widget_type=\"html.default\">\n\t\t\t\t<div class=\"elementor-widget-container\">\n\t\t\t\t\t\n\n<script>\n    var imageElements = document.querySelectorAll('.swiper-slide-image');\n\n    imageElements.forEach(function(img) {\n        var altValue = img.alt;\n        if(altValue){\n            img.outerHTML = '<a href=\"' + altValue + '\">' + img.outerHTML + '<\/a>';\n        }\n    });\n<\/script>\n\t\t\t\t<\/div>\n\t\t\t\t<\/div>\n\t\t\t\t\t<\/div>\n\t\t\t\t<\/div>\n\t\t<div class=\"elementor-element elementor-element-7f3f88d e-flex e-con-boxed e-con e-parent\" data-id=\"7f3f88d\" data-element_type=\"container\" data-settings=\"{&quot;background_background&quot;:&quot;classic&quot;}\">\n\t\t\t\t\t<div class=\"e-con-inner\">\n\t\t\t\t<div class=\"elementor-element elementor-element-8c03a3b elementor-widget elementor-widget-text-editor\" data-id=\"8c03a3b\" data-element_type=\"widget\" data-widget_type=\"text-editor.default\">\n\t\t\t\t<div class=\"elementor-widget-container\">\n\t\t\t\t\t\t\t\t\t<p><\/p><h2>V\u00e5r historia &#8211; br\u00e4dspel om h\u00e5llbarhet<\/h2><p>T\u00e4nk p\u00e5 Gro\u2019s leksaker och spel s\u00e5som fr\u00f6n som gror i barnen och f\u00e5r dem att v\u00e4xa upp gr\u00f6nt. De inspirerar och uppmuntrar barnen till att bli medvetna konsumenter och h\u00e5llbara anv\u00e4ndare av energi och material, inte bara under spelet, utan \u00e4ven l\u00e5ngt efter det att barnet har v\u00e4xt ur leksaken. Barns f\u00f6rm\u00e5ga att p\u00e5verka vuxna omkring dem, vad g\u00e4ller vanor, k\u00f6p och motivation, skall inte underskattas.<\/p><p><span style=\"text-align: var(--text-align); color: var(--body-text);\"><\/span><\/p>\t\t\t\t\t\t\t\t<\/div>\n\t\t\t\t<\/div>\n\t\t\t\t\t<\/div>\n\t\t\t\t<\/div>\n\t\t<div class=\"elementor-element elementor-element-7cc94b7 e-flex e-con-boxed e-con e-parent\" data-id=\"7cc94b7\" data-element_type=\"container\">\n\t\t\t\t\t<div class=\"e-con-inner\">\n\t\t\t\t<div class=\"elementor-element elementor-element-515e618 elementor-widget elementor-widget-spacer\" data-id=\"515e618\" data-element_type=\"widget\" data-widget_type=\"spacer.default\">\n\t\t\t\t<div class=\"elementor-widget-container\">\n\t\t\t\t\t\t\t<div class=\"elementor-spacer\">\n\t\t\t<div class=\"elementor-spacer-inner\"><\/div>\n\t\t<\/div>\n\t\t\t\t\t\t<\/div>\n\t\t\t\t<\/div>\n\t\t\t\t\t<\/div>\n\t\t\t\t<\/div>\n\t\t<div class=\"elementor-element elementor-element-7f4002f e-flex e-con-boxed e-con e-parent\" data-id=\"7f4002f\" data-element_type=\"container\">\n\t\t\t\t\t<div class=\"e-con-inner\">\n\t\t\t\t<div class=\"elementor-element elementor-element-fe1aa29 elementor-widget elementor-widget-groplay-board-games-widget\" data-id=\"fe1aa29\" data-element_type=\"widget\" data-widget_type=\"groplay-board-games-widget.default\">\n\t\t\t\t<div class=\"elementor-widget-container\">\n\t\t\t\t\t<div class=\"board-games-grid\">        <div class=\"board-grid-item\">\n            <div class=\"card-background\">\n                <img decoding=\"async\" src=\"https:\/\/groplay.com\/wp-content\/uploads\/2018\/04\/Sopb_8b.jpg\" alt=\"Sopberget\" class=\"img-background\" \/>\n            <\/div>\n\n            <div class=\"card-content\">\n                <h3>Sopberget<\/h3>\n                <h4>Ett br\u00e4dspel om \u00e5tervinning, \u00e5teranv\u00e4ndning och konsumtion.<\/h4>\n                <p>Ett br\u00e4dspel om \u00e5tervinning, \u00e5teranv\u00e4ndning och konsumtion. Ett roligt och strategiskt spel d\u00e4r man l\u00e4r sig under tiden.\r\n\r\n&nbsp;<\/p>\n            <\/div>\n        <\/div>\n\n                <div class=\"board-grid-item\">\n            <div class=\"card-background\">\n                <img decoding=\"async\" src=\"https:\/\/groplay.com\/wp-content\/uploads\/2018\/04\/1_SVb.jpg\" alt=\"Ekorren Elins Memo & Lotto\" class=\"img-background\" \/>\n            <\/div>\n\n            <div class=\"card-content\">\n                <h3>Memo &#038; Lotto<\/h3>\n                <h4>Vad \u00e4r bra och vad \u00e4r d\u00e5ligt f\u00f6r milj\u00f6n? Hitta de r\u00e4tta paren!<\/h4>\n                <p>Detta \u00e4r ett spel d\u00e4r b\u00e5de ung och gammal spelar p\u00e5 samma villkor. F\u00f6rpackningen inneh\u00e5ller en kombination av ett Lotto- och ett Memoryspel d\u00e4r m\u00e5let \u00e4r att undvika bildkort med saker som \u00e4r d\u00e5liga f\u00f6r milj\u00f6n.<\/p>\n            <\/div>\n        <\/div>\n\n                <div class=\"board-grid-item\">\n            <div class=\"card-background\">\n                <img decoding=\"async\" src=\"https:\/\/groplay.com\/wp-content\/uploads\/2018\/04\/1_SV1b.jpg\" alt=\"\" class=\"img-background\" \/>\n            <\/div>\n\n            <div class=\"card-content\">\n                <h3>Lagerpussel med text &#8211; Hav &#038; Sj\u00f6<\/h3>\n                <h4><\/h4>\n                <p>Ett gediget och v\u00e4ltillverkat tr\u00e4pussel, om nedskr\u00e4pning i havet och v\u00e5ra sj\u00f6ar. V\u00e4l l\u00e4mpat f\u00f6r skolor och annan utbildningsverksamhet.<\/p>\n            <\/div>\n        <\/div>\n\n                <div class=\"board-grid-item\">\n            <div class=\"card-background\">\n                <img decoding=\"async\" src=\"https:\/\/groplay.com\/wp-content\/uploads\/2014\/04\/1_SV1.jpg\" alt=\"\" class=\"img-background\" \/>\n            <\/div>\n\n            <div class=\"card-content\">\n                <h3>Lagerpussel med text &#8211; Staden<\/h3>\n                <h4><\/h4>\n                <p>Ett gediget och v\u00e4ltillverkat tr\u00e4pussel, om nedskr\u00e4pning och utsl\u00e4pp i v\u00e5ra st\u00e4der. V\u00e4l l\u00e4mpat f\u00f6r skolor och annan utbildningsverksamhet.\r\n\r\n&nbsp;<\/p>\n            <\/div>\n        <\/div>\n\n                <div class=\"board-grid-item\">\n            <div class=\"card-background\">\n                <img decoding=\"async\" src=\"https:\/\/groplay.com\/wp-content\/uploads\/2014\/04\/1_SV.jpg\" alt=\"\" class=\"img-background\" \/>\n            <\/div>\n\n            <div class=\"card-content\">\n                <h3>Lagerpussel med text, Skog &#038; Mark<\/h3>\n                <h4><\/h4>\n                <p>Ett gediget och v\u00e4ltillverkat tr\u00e4pussel, om nedskr\u00e4pning och utsl\u00e4pp i skog och mark. V\u00e4l l\u00e4mpat f\u00f6r skolor och annan utbildningsverksamhet.\r\n\r\n&nbsp;<\/p>\n            <\/div>\n        <\/div>\n\n                <div class=\"board-grid-item\">\n            <div class=\"card-background\">\n                <img decoding=\"async\" src=\"https:\/\/groplay.com\/wp-content\/uploads\/2013\/01\/1.jpg\" alt=\"\" class=\"img-background\" \/>\n            <\/div>\n\n            <div class=\"card-content\">\n                <h3>Lagerpussel med text &#8211; Skog &#038; Mark<\/h3>\n                <h4><\/h4>\n                <p>Ett pusselspel om nedskr\u00e4pning och utsl\u00e4pp i skog och mark.<\/p>\n            <\/div>\n        <\/div>\n\n        <\/div>\t\t\t\t<\/div>\n\t\t\t\t<\/div>\n\t\t\t\t\t<\/div>\n\t\t\t\t<\/div>\n\t\t\t\t<\/div>\n\t\t","protected":false},"excerpt":{"rendered":"<p>Vi skapar BRA SPEL-upplevelser P\u00e5 Gro Play skapar vi BRA SPEL-upplevelser f\u00f6r att underh\u00e5lla och inspirera barn och deras familjer till att l\u00e4ra sig mer om h\u00e4lsa, v\u00e4lbefinnande och h\u00e5llbar livsstil. Vi tror att lek och spel \u00e4r inte bara det roligaste utan \u00e4ven det mest kraftfulla s\u00e4ttet att l\u00e4ra sig. Genom att underh\u00e5lla och [&hellip;]<\/p>\n","protected":false},"author":2,"featured_media":0,"parent":0,"menu_order":0,"comment_status":"closed","ping_status":"closed","template":"","meta":{"_acf_changed":false,"footnotes":""},"class_list":["post-8","page","type-page","status-publish","hentry","wpautop"],"acf":[],"yoast_head":"<!-- This site is optimized with the Yoast SEO plugin v25.0 - https:\/\/yoast.com\/wordpress\/plugins\/seo\/ -->\n<title>Om oss<\/title>\n<meta name=\"robots\" content=\"index, follow, max-snippet:-1, max-image-preview:large, max-video-preview:-1\" \/>\n<link rel=\"canonical\" href=\"https:\/\/groplay.com\/about\/\" \/>\n<meta name=\"twitter:card\" content=\"summary_large_image\" \/>\n<meta name=\"twitter:title\" content=\"Om oss\" \/>\n<meta name=\"twitter:description\" content=\"Vi skapar BRA SPEL-upplevelser P\u00e5 Gro Play skapar vi BRA SPEL-upplevelser f\u00f6r att underh\u00e5lla och inspirera barn och deras familjer till att l\u00e4ra sig mer om h\u00e4lsa, v\u00e4lbefinnande och h\u00e5llbar livsstil. Vi tror att lek och spel \u00e4r inte bara det roligaste utan \u00e4ven det mest kraftfulla s\u00e4ttet att l\u00e4ra sig. Genom att underh\u00e5lla och [&hellip;]\" \/>\n<meta name=\"twitter:image\" content=\"https:\/\/www.groplay.com\/wp-content\/uploads\/2024\/01\/usatoday1.png\" \/>\n<meta name=\"twitter:site\" content=\"@groplay\" \/>\n<meta name=\"twitter:label1\" content=\"Ber\u00e4knad l\u00e4stid\" \/>\n\t<meta name=\"twitter:data1\" content=\"9 minuter\" \/>\n<script type=\"application\/ld+json\" class=\"yoast-schema-graph\">{\"@context\":\"https:\/\/schema.org\",\"@graph\":[{\"@type\":\"WebPage\",\"@id\":\"https:\/\/groplay.com\/about\/\",\"url\":\"https:\/\/groplay.com\/about\/\",\"name\":\"Om oss\",\"isPartOf\":{\"@id\":\"https:\/\/groplay.com\/sv\/#website\"},\"primaryImageOfPage\":{\"@id\":\"https:\/\/groplay.com\/about\/#primaryimage\"},\"image\":{\"@id\":\"https:\/\/groplay.com\/about\/#primaryimage\"},\"thumbnailUrl\":\"https:\/\/www.groplay.com\/wp-content\/uploads\/2024\/01\/usatoday1.png\",\"datePublished\":\"2012-11-11T21:14:34+00:00\",\"dateModified\":\"2024-02-19T14:02:41+00:00\",\"breadcrumb\":{\"@id\":\"https:\/\/groplay.com\/about\/#breadcrumb\"},\"inLanguage\":\"sv-SE\",\"potentialAction\":[{\"@type\":\"ReadAction\",\"target\":[\"https:\/\/groplay.com\/about\/\"]}]},{\"@type\":\"ImageObject\",\"inLanguage\":\"sv-SE\",\"@id\":\"https:\/\/groplay.com\/about\/#primaryimage\",\"url\":\"https:\/\/www.groplay.com\/wp-content\/uploads\/2024\/01\/usatoday1.png\",\"contentUrl\":\"https:\/\/www.groplay.com\/wp-content\/uploads\/2024\/01\/usatoday1.png\"},{\"@type\":\"BreadcrumbList\",\"@id\":\"https:\/\/groplay.com\/about\/#breadcrumb\",\"itemListElement\":[{\"@type\":\"ListItem\",\"position\":1,\"name\":\"Home\",\"item\":\"https:\/\/groplay.com\/\"},{\"@type\":\"ListItem\",\"position\":2,\"name\":\"About\"}]},{\"@type\":\"WebSite\",\"@id\":\"https:\/\/groplay.com\/sv\/#website\",\"url\":\"https:\/\/groplay.com\/sv\/\",\"name\":\"Gro Play\",\"description\":\"Playing to change the world\",\"publisher\":{\"@id\":\"https:\/\/groplay.com\/sv\/#organization\"},\"potentialAction\":[{\"@type\":\"SearchAction\",\"target\":{\"@type\":\"EntryPoint\",\"urlTemplate\":\"https:\/\/groplay.com\/sv\/?s={search_term_string}\"},\"query-input\":{\"@type\":\"PropertyValueSpecification\",\"valueRequired\":true,\"valueName\":\"search_term_string\"}}],\"inLanguage\":\"sv-SE\"},{\"@type\":\"Organization\",\"@id\":\"https:\/\/groplay.com\/sv\/#organization\",\"name\":\"Gro Play\",\"url\":\"https:\/\/groplay.com\/sv\/\",\"logo\":{\"@type\":\"ImageObject\",\"inLanguage\":\"sv-SE\",\"@id\":\"https:\/\/groplay.com\/sv\/#\/schema\/logo\/image\/\",\"url\":\"https:\/\/www.groplay.com\/wp-content\/uploads\/2012\/11\/logo_small.png\",\"contentUrl\":\"https:\/\/www.groplay.com\/wp-content\/uploads\/2012\/11\/logo_small.png\",\"width\":\"93\",\"height\":\"109\",\"caption\":\"Gro Play\"},\"image\":{\"@id\":\"https:\/\/groplay.com\/sv\/#\/schema\/logo\/image\/\"},\"sameAs\":[\"https:\/\/www.facebook.com\/GroPlay\/\",\"https:\/\/x.com\/groplay\",\"https:\/\/www.instagram.com\/groplay\/\",\"https:\/\/www.linkedin.com\/company\/gro-play-digital\",\"https:\/\/www.pinterest.se\/groplay\/\",\"https:\/\/www.youtube.com\/channel\/UCb0NwSqwHWMSlqMaLlcxDTA\"]}]}<\/script>\n<!-- \/ Yoast SEO plugin. -->","yoast_head_json":{"title":"Om oss","robots":{"index":"index","follow":"follow","max-snippet":"max-snippet:-1","max-image-preview":"max-image-preview:large","max-video-preview":"max-video-preview:-1"},"canonical":"https:\/\/groplay.com\/about\/","twitter_card":"summary_large_image","twitter_title":"Om oss","twitter_description":"Vi skapar BRA SPEL-upplevelser P\u00e5 Gro Play skapar vi BRA SPEL-upplevelser f\u00f6r att underh\u00e5lla och inspirera barn och deras familjer till att l\u00e4ra sig mer om h\u00e4lsa, v\u00e4lbefinnande och h\u00e5llbar livsstil. Vi tror att lek och spel \u00e4r inte bara det roligaste utan \u00e4ven det mest kraftfulla s\u00e4ttet att l\u00e4ra sig. Genom att underh\u00e5lla och [&hellip;]","twitter_image":"https:\/\/www.groplay.com\/wp-content\/uploads\/2024\/01\/usatoday1.png","twitter_site":"@groplay","twitter_misc":{"Ber\u00e4knad l\u00e4stid":"9 minuter"},"schema":{"@context":"https:\/\/schema.org","@graph":[{"@type":"WebPage","@id":"https:\/\/groplay.com\/about\/","url":"https:\/\/groplay.com\/about\/","name":"Om oss","isPartOf":{"@id":"https:\/\/groplay.com\/sv\/#website"},"primaryImageOfPage":{"@id":"https:\/\/groplay.com\/about\/#primaryimage"},"image":{"@id":"https:\/\/groplay.com\/about\/#primaryimage"},"thumbnailUrl":"https:\/\/www.groplay.com\/wp-content\/uploads\/2024\/01\/usatoday1.png","datePublished":"2012-11-11T21:14:34+00:00","dateModified":"2024-02-19T14:02:41+00:00","breadcrumb":{"@id":"https:\/\/groplay.com\/about\/#breadcrumb"},"inLanguage":"sv-SE","potentialAction":[{"@type":"ReadAction","target":["https:\/\/groplay.com\/about\/"]}]},{"@type":"ImageObject","inLanguage":"sv-SE","@id":"https:\/\/groplay.com\/about\/#primaryimage","url":"https:\/\/www.groplay.com\/wp-content\/uploads\/2024\/01\/usatoday1.png","contentUrl":"https:\/\/www.groplay.com\/wp-content\/uploads\/2024\/01\/usatoday1.png"},{"@type":"BreadcrumbList","@id":"https:\/\/groplay.com\/about\/#breadcrumb","itemListElement":[{"@type":"ListItem","position":1,"name":"Home","item":"https:\/\/groplay.com\/"},{"@type":"ListItem","position":2,"name":"About"}]},{"@type":"WebSite","@id":"https:\/\/groplay.com\/sv\/#website","url":"https:\/\/groplay.com\/sv\/","name":"Gro Play","description":"Playing to change the world","publisher":{"@id":"https:\/\/groplay.com\/sv\/#organization"},"potentialAction":[{"@type":"SearchAction","target":{"@type":"EntryPoint","urlTemplate":"https:\/\/groplay.com\/sv\/?s={search_term_string}"},"query-input":{"@type":"PropertyValueSpecification","valueRequired":true,"valueName":"search_term_string"}}],"inLanguage":"sv-SE"},{"@type":"Organization","@id":"https:\/\/groplay.com\/sv\/#organization","name":"Gro Play","url":"https:\/\/groplay.com\/sv\/","logo":{"@type":"ImageObject","inLanguage":"sv-SE","@id":"https:\/\/groplay.com\/sv\/#\/schema\/logo\/image\/","url":"https:\/\/www.groplay.com\/wp-content\/uploads\/2012\/11\/logo_small.png","contentUrl":"https:\/\/www.groplay.com\/wp-content\/uploads\/2012\/11\/logo_small.png","width":"93","height":"109","caption":"Gro Play"},"image":{"@id":"https:\/\/groplay.com\/sv\/#\/schema\/logo\/image\/"},"sameAs":["https:\/\/www.facebook.com\/GroPlay\/","https:\/\/x.com\/groplay","https:\/\/www.instagram.com\/groplay\/","https:\/\/www.linkedin.com\/company\/gro-play-digital","https:\/\/www.pinterest.se\/groplay\/","https:\/\/www.youtube.com\/channel\/UCb0NwSqwHWMSlqMaLlcxDTA"]}]}},"_links":{"self":[{"href":"https:\/\/groplay.com\/sv\/wp-json\/wp\/v2\/pages\/8","targetHints":{"allow":["GET"]}}],"collection":[{"href":"https:\/\/groplay.com\/sv\/wp-json\/wp\/v2\/pages"}],"about":[{"href":"https:\/\/groplay.com\/sv\/wp-json\/wp\/v2\/types\/page"}],"author":[{"embeddable":true,"href":"https:\/\/groplay.com\/sv\/wp-json\/wp\/v2\/users\/2"}],"replies":[{"embeddable":true,"href":"https:\/\/groplay.com\/sv\/wp-json\/wp\/v2\/comments?post=8"}],"version-history":[{"count":239,"href":"https:\/\/groplay.com\/sv\/wp-json\/wp\/v2\/pages\/8\/revisions"}],"predecessor-version":[{"id":2903,"href":"https:\/\/groplay.com\/sv\/wp-json\/wp\/v2\/pages\/8\/revisions\/2903"}],"wp:attachment":[{"href":"https:\/\/groplay.com\/sv\/wp-json\/wp\/v2\/media?parent=8"}],"curies":[{"name":"wp","href":"https:\/\/api.w.org\/{rel}","templated":true}]}}