{"id":601,"date":"2015-03-20T15:10:53","date_gmt":"2015-03-20T15:10:53","guid":{"rendered":"https:\/\/www.groplay.com\/?page_id=601"},"modified":"2020-09-29T15:55:23","modified_gmt":"2020-09-29T13:55:23","slug":"toys","status":"publish","type":"page","link":"https:\/\/groplay.com\/sv\/toys\/","title":{"rendered":"Spel"},"content":{"rendered":"<p><\/p>\n<h1>V\u00e5ra spel<\/h1>\n<p>T\u00e4nk p\u00e5 Gro\u2019s leksaker och spel s\u00e5som fr\u00f6n som gror i barnen och f\u00e5r dem att v\u00e4xa upp gr\u00f6nt. De inspirerar och uppmuntrar barnen till att bli medvetna konsumenter och h\u00e5llbara anv\u00e4ndare av energi och material, inte bara under spelet, utan \u00e4ven l\u00e5ngt efter det att barnet har v\u00e4xt ur leksaken.<\/p>\n<p>Barns f\u00f6rm\u00e5ga att p\u00e5verka vuxna omkring dem, vad g\u00e4ller vanor, k\u00f6p och motivation, skall inte underskattas.<\/p>\n<p>V\u00e5ra leksaker finns i en m\u00e4ngd aff\u00e4rer runt om i Sverige. F\u00f6r att best\u00e4lla direkt fr\u00e5n oss, var v\u00e4nlig kontakta oss p\u00e5 <a href=\"mailto:info@www.groplay.com\">info@www.groplay.com<\/a>.<a href=\"mailto:info@www.groplay.com\"><\/a><\/p>","protected":false},"excerpt":{"rendered":"<p>V\u00e5ra spel T\u00e4nk p\u00e5 Gro\u2019s leksaker och spel s\u00e5som fr\u00f6n som gror i barnen och f\u00e5r dem att v\u00e4xa upp gr\u00f6nt. De inspirerar och uppmuntrar barnen till att bli medvetna konsumenter och h\u00e5llbara anv\u00e4ndare av energi och material, inte bara under spelet, utan \u00e4ven l\u00e5ngt efter det att barnet har v\u00e4xt ur leksaken. Barns f\u00f6rm\u00e5ga [&hellip;]<\/p>\n","protected":false},"author":2,"featured_media":0,"parent":0,"menu_order":0,"comment_status":"closed","ping_status":"closed","template":"","meta":{"_acf_changed":false,"footnotes":""},"class_list":["post-601","page","type-page","status-publish","hentry","wpautop"],"acf":[],"yoast_head":"<!-- This site is optimized with the Yoast SEO plugin v25.0 - https:\/\/yoast.com\/wordpress\/plugins\/seo\/ -->\n<title>Spel<\/title>\n<meta name=\"robots\" content=\"index, follow, max-snippet:-1, max-image-preview:large, max-video-preview:-1\" \/>\n<link rel=\"canonical\" href=\"https:\/\/groplay.com\/toys\/\" \/>\n<meta name=\"twitter:card\" content=\"summary_large_image\" \/>\n<meta name=\"twitter:title\" content=\"Spel\" \/>\n<meta name=\"twitter:description\" content=\"V\u00e5ra spel T\u00e4nk p\u00e5 Gro\u2019s leksaker och spel s\u00e5som fr\u00f6n som gror i barnen och f\u00e5r dem att v\u00e4xa upp gr\u00f6nt. De inspirerar och uppmuntrar barnen till att bli medvetna konsumenter och h\u00e5llbara anv\u00e4ndare av energi och material, inte bara under spelet, utan \u00e4ven l\u00e5ngt efter det att barnet har v\u00e4xt ur leksaken. Barns f\u00f6rm\u00e5ga [&hellip;]\" \/>\n<meta name=\"twitter:site\" content=\"@groplay\" \/>\n<meta name=\"twitter:label1\" content=\"Ber\u00e4knad l\u00e4stid\" \/>\n\t<meta name=\"twitter:data1\" content=\"1 minut\" \/>\n<script type=\"application\/ld+json\" class=\"yoast-schema-graph\">{\"@context\":\"https:\/\/schema.org\",\"@graph\":[{\"@type\":\"WebPage\",\"@id\":\"https:\/\/groplay.com\/toys\/\",\"url\":\"https:\/\/groplay.com\/toys\/\",\"name\":\"Spel\",\"isPartOf\":{\"@id\":\"https:\/\/groplay.com\/sv\/#website\"},\"datePublished\":\"2015-03-20T15:10:53+00:00\",\"dateModified\":\"2020-09-29T13:55:23+00:00\",\"breadcrumb\":{\"@id\":\"https:\/\/groplay.com\/toys\/#breadcrumb\"},\"inLanguage\":\"sv-SE\",\"potentialAction\":[{\"@type\":\"ReadAction\",\"target\":[\"https:\/\/groplay.com\/toys\/\"]}]},{\"@type\":\"BreadcrumbList\",\"@id\":\"https:\/\/groplay.com\/toys\/#breadcrumb\",\"itemListElement\":[{\"@type\":\"ListItem\",\"position\":1,\"name\":\"Home\",\"item\":\"https:\/\/groplay.com\/\"},{\"@type\":\"ListItem\",\"position\":2,\"name\":\"Games\"}]},{\"@type\":\"WebSite\",\"@id\":\"https:\/\/groplay.com\/sv\/#website\",\"url\":\"https:\/\/groplay.com\/sv\/\",\"name\":\"Gro Play\",\"description\":\"Playing to change the world\",\"publisher\":{\"@id\":\"https:\/\/groplay.com\/sv\/#organization\"},\"potentialAction\":[{\"@type\":\"SearchAction\",\"target\":{\"@type\":\"EntryPoint\",\"urlTemplate\":\"https:\/\/groplay.com\/sv\/?s={search_term_string}\"},\"query-input\":{\"@type\":\"PropertyValueSpecification\",\"valueRequired\":true,\"valueName\":\"search_term_string\"}}],\"inLanguage\":\"sv-SE\"},{\"@type\":\"Organization\",\"@id\":\"https:\/\/groplay.com\/sv\/#organization\",\"name\":\"Gro Play\",\"url\":\"https:\/\/groplay.com\/sv\/\",\"logo\":{\"@type\":\"ImageObject\",\"inLanguage\":\"sv-SE\",\"@id\":\"https:\/\/groplay.com\/sv\/#\/schema\/logo\/image\/\",\"url\":\"https:\/\/www.groplay.com\/wp-content\/uploads\/2012\/11\/logo_small.png\",\"contentUrl\":\"https:\/\/www.groplay.com\/wp-content\/uploads\/2012\/11\/logo_small.png\",\"width\":\"93\",\"height\":\"109\",\"caption\":\"Gro Play\"},\"image\":{\"@id\":\"https:\/\/groplay.com\/sv\/#\/schema\/logo\/image\/\"},\"sameAs\":[\"https:\/\/www.facebook.com\/GroPlay\/\",\"https:\/\/x.com\/groplay\",\"https:\/\/www.instagram.com\/groplay\/\",\"https:\/\/www.linkedin.com\/company\/gro-play-digital\",\"https:\/\/www.pinterest.se\/groplay\/\",\"https:\/\/www.youtube.com\/channel\/UCb0NwSqwHWMSlqMaLlcxDTA\"]}]}<\/script>\n<!-- \/ Yoast SEO plugin. -->","yoast_head_json":{"title":"Spel","robots":{"index":"index","follow":"follow","max-snippet":"max-snippet:-1","max-image-preview":"max-image-preview:large","max-video-preview":"max-video-preview:-1"},"canonical":"https:\/\/groplay.com\/toys\/","twitter_card":"summary_large_image","twitter_title":"Spel","twitter_description":"V\u00e5ra spel T\u00e4nk p\u00e5 Gro\u2019s leksaker och spel s\u00e5som fr\u00f6n som gror i barnen och f\u00e5r dem att v\u00e4xa upp gr\u00f6nt. De inspirerar och uppmuntrar barnen till att bli medvetna konsumenter och h\u00e5llbara anv\u00e4ndare av energi och material, inte bara under spelet, utan \u00e4ven l\u00e5ngt efter det att barnet har v\u00e4xt ur leksaken. Barns f\u00f6rm\u00e5ga [&hellip;]","twitter_site":"@groplay","twitter_misc":{"Ber\u00e4knad l\u00e4stid":"1 minut"},"schema":{"@context":"https:\/\/schema.org","@graph":[{"@type":"WebPage","@id":"https:\/\/groplay.com\/toys\/","url":"https:\/\/groplay.com\/toys\/","name":"Spel","isPartOf":{"@id":"https:\/\/groplay.com\/sv\/#website"},"datePublished":"2015-03-20T15:10:53+00:00","dateModified":"2020-09-29T13:55:23+00:00","breadcrumb":{"@id":"https:\/\/groplay.com\/toys\/#breadcrumb"},"inLanguage":"sv-SE","potentialAction":[{"@type":"ReadAction","target":["https:\/\/groplay.com\/toys\/"]}]},{"@type":"BreadcrumbList","@id":"https:\/\/groplay.com\/toys\/#breadcrumb","itemListElement":[{"@type":"ListItem","position":1,"name":"Home","item":"https:\/\/groplay.com\/"},{"@type":"ListItem","position":2,"name":"Games"}]},{"@type":"WebSite","@id":"https:\/\/groplay.com\/sv\/#website","url":"https:\/\/groplay.com\/sv\/","name":"Gro Play","description":"Playing to change the world","publisher":{"@id":"https:\/\/groplay.com\/sv\/#organization"},"potentialAction":[{"@type":"SearchAction","target":{"@type":"EntryPoint","urlTemplate":"https:\/\/groplay.com\/sv\/?s={search_term_string}"},"query-input":{"@type":"PropertyValueSpecification","valueRequired":true,"valueName":"search_term_string"}}],"inLanguage":"sv-SE"},{"@type":"Organization","@id":"https:\/\/groplay.com\/sv\/#organization","name":"Gro Play","url":"https:\/\/groplay.com\/sv\/","logo":{"@type":"ImageObject","inLanguage":"sv-SE","@id":"https:\/\/groplay.com\/sv\/#\/schema\/logo\/image\/","url":"https:\/\/www.groplay.com\/wp-content\/uploads\/2012\/11\/logo_small.png","contentUrl":"https:\/\/www.groplay.com\/wp-content\/uploads\/2012\/11\/logo_small.png","width":"93","height":"109","caption":"Gro Play"},"image":{"@id":"https:\/\/groplay.com\/sv\/#\/schema\/logo\/image\/"},"sameAs":["https:\/\/www.facebook.com\/GroPlay\/","https:\/\/x.com\/groplay","https:\/\/www.instagram.com\/groplay\/","https:\/\/www.linkedin.com\/company\/gro-play-digital","https:\/\/www.pinterest.se\/groplay\/","https:\/\/www.youtube.com\/channel\/UCb0NwSqwHWMSlqMaLlcxDTA"]}]}},"_links":{"self":[{"href":"https:\/\/groplay.com\/sv\/wp-json\/wp\/v2\/pages\/601","targetHints":{"allow":["GET"]}}],"collection":[{"href":"https:\/\/groplay.com\/sv\/wp-json\/wp\/v2\/pages"}],"about":[{"href":"https:\/\/groplay.com\/sv\/wp-json\/wp\/v2\/types\/page"}],"author":[{"embeddable":true,"href":"https:\/\/groplay.com\/sv\/wp-json\/wp\/v2\/users\/2"}],"replies":[{"embeddable":true,"href":"https:\/\/groplay.com\/sv\/wp-json\/wp\/v2\/comments?post=601"}],"version-history":[{"count":7,"href":"https:\/\/groplay.com\/sv\/wp-json\/wp\/v2\/pages\/601\/revisions"}],"predecessor-version":[{"id":1658,"href":"https:\/\/groplay.com\/sv\/wp-json\/wp\/v2\/pages\/601\/revisions\/1658"}],"wp:attachment":[{"href":"https:\/\/groplay.com\/sv\/wp-json\/wp\/v2\/media?parent=601"}],"curies":[{"name":"wp","href":"https:\/\/api.w.org\/{rel}","templated":true}]}}