{"id":542,"date":"2014-10-24T12:17:57","date_gmt":"2014-10-24T12:17:57","guid":{"rendered":"https:\/\/www.groplay.com\/?page_id=542"},"modified":"2014-11-24T13:41:44","modified_gmt":"2014-11-24T13:41:44","slug":"alfons","status":"publish","type":"page","link":"https:\/\/groplay.com\/sv\/alfons\/","title":{"rendered":"Alfons"},"content":{"rendered":"<h2>Alfons \/ Albert \/ Mikko pyssel att ladda ner<\/h2>\n<p>&nbsp;<\/p>\n<p>Klicka p\u00e5 ikonerna nedan f\u00f6r att ladda ner en PDF att skriva ut, f\u00e4rgl\u00e4gg och klipp sedan ut pysslet enligt mallen.<\/p>\n<p>Click the icons below to download a printable PDF file, color it and cut it out following the lines in the template.<\/p>\n<p>&nbsp;<\/p>\n<p>&nbsp;<\/p>\n<div class=\"row-fluid\"><a href=\"https:\/\/www.groplay.com\/wp-content\/uploads\/2014\/10\/card_greeting_circles.pdf\" title=\"Greeting card circles\"><img decoding=\"async\" class=\"wp-image-564 alignleft\" style=\"border: 0px; margin-left: 20px; margin-right: 20px;\" alt=\"thumb_card_greeting_circles\" src=\"https:\/\/www.groplay.com\/wp-content\/uploads\/2014\/10\/thumb_card_greeting_circles.png\" width=\"170\" height=\"221\" srcset=\"https:\/\/groplay.com\/wp-content\/uploads\/2014\/10\/thumb_card_greeting_circles.png 283w, https:\/\/groplay.com\/wp-content\/uploads\/2014\/10\/thumb_card_greeting_circles-230x300.png 230w, https:\/\/groplay.com\/wp-content\/uploads\/2014\/10\/thumb_card_greeting_circles-115x150.png 115w\" sizes=\"(max-width: 170px) 100vw, 170px\" \/><\/a> <a href=\"https:\/\/www.groplay.com\/wp-content\/uploads\/2014\/10\/card_greeting_heart.pdf\" title=\"Greeting card heart\"><img decoding=\"async\" class=\"wp-image-565 alignleft\" style=\"border: 0px; margin-left: 20px; margin-right: 20px;\" alt=\"thumb_card_greeting_heart\" src=\"https:\/\/www.groplay.com\/wp-content\/uploads\/2014\/10\/thumb_card_greeting_heart.png\" width=\"170\" height=\"221\" srcset=\"https:\/\/groplay.com\/wp-content\/uploads\/2014\/10\/thumb_card_greeting_heart.png 283w, https:\/\/groplay.com\/wp-content\/uploads\/2014\/10\/thumb_card_greeting_heart-230x300.png 230w, https:\/\/groplay.com\/wp-content\/uploads\/2014\/10\/thumb_card_greeting_heart-115x150.png 115w\" sizes=\"(max-width: 170px) 100vw, 170px\" \/><\/a> <a href=\"https:\/\/www.groplay.com\/wp-content\/uploads\/2014\/10\/christmas_ball.pdf\" title=\"Christmas ball\"><img decoding=\"async\" class=\"alignleft  wp-image-566\" style=\"border: 0px; margin-left: 20px; margin-right: 20px;\" alt=\"thumb_christmas_ball\" src=\"https:\/\/www.groplay.com\/wp-content\/uploads\/2014\/10\/thumb_christmas_ball.png\" width=\"170\" height=\"221\" srcset=\"https:\/\/groplay.com\/wp-content\/uploads\/2014\/10\/thumb_christmas_ball.png 283w, https:\/\/groplay.com\/wp-content\/uploads\/2014\/10\/thumb_christmas_ball-230x300.png 230w, https:\/\/groplay.com\/wp-content\/uploads\/2014\/10\/thumb_christmas_ball-115x150.png 115w\" sizes=\"(max-width: 170px) 100vw, 170px\" \/><\/a> <a href=\"https:\/\/www.groplay.com\/wp-content\/uploads\/2014\/10\/mask_butterfly.pdf\" title=\"Mask butterfly\"><img loading=\"lazy\" decoding=\"async\" class=\"alignleft  wp-image-567\" style=\"border: 0px; margin-left: 20px; margin-right: 20px;\" alt=\"thumb_mask_butterfly\" src=\"https:\/\/www.groplay.com\/wp-content\/uploads\/2014\/10\/thumb_mask_butterfly.png\" width=\"170\" height=\"221\" srcset=\"https:\/\/groplay.com\/wp-content\/uploads\/2014\/10\/thumb_mask_butterfly.png 283w, https:\/\/groplay.com\/wp-content\/uploads\/2014\/10\/thumb_mask_butterfly-230x300.png 230w, https:\/\/groplay.com\/wp-content\/uploads\/2014\/10\/thumb_mask_butterfly-115x150.png 115w\" sizes=\"(max-width: 170px) 100vw, 170px\" \/><\/a> <a href=\"https:\/\/www.groplay.com\/wp-content\/uploads\/2014\/10\/mask_cat.pdf\" title=\"Mask cat\"><img loading=\"lazy\" decoding=\"async\" class=\"alignleft  wp-image-568\" style=\"border: 0px; margin-left: 20px; margin-right: 20px;\" alt=\"thumb_mask_cat\" src=\"https:\/\/www.groplay.com\/wp-content\/uploads\/2014\/10\/thumb_mask_cat.png\" width=\"170\" height=\"221\" srcset=\"https:\/\/groplay.com\/wp-content\/uploads\/2014\/10\/thumb_mask_cat.png 283w, https:\/\/groplay.com\/wp-content\/uploads\/2014\/10\/thumb_mask_cat-230x300.png 230w, https:\/\/groplay.com\/wp-content\/uploads\/2014\/10\/thumb_mask_cat-115x150.png 115w\" sizes=\"(max-width: 170px) 100vw, 170px\" \/><\/a> <a href=\"https:\/\/www.groplay.com\/wp-content\/uploads\/2014\/10\/mask_elephant.pdf\" title=\"Mask elephant\"><img loading=\"lazy\" decoding=\"async\" class=\"alignleft  wp-image-569\" style=\"border: 0px; margin-left: 20px; margin-right: 20px;\" alt=\"thumb_mask_elephant\" src=\"https:\/\/www.groplay.com\/wp-content\/uploads\/2014\/10\/thumb_mask_elephant.png\" width=\"170\" height=\"221\" srcset=\"https:\/\/groplay.com\/wp-content\/uploads\/2014\/10\/thumb_mask_elephant.png 283w, https:\/\/groplay.com\/wp-content\/uploads\/2014\/10\/thumb_mask_elephant-230x300.png 230w, https:\/\/groplay.com\/wp-content\/uploads\/2014\/10\/thumb_mask_elephant-115x150.png 115w\" sizes=\"(max-width: 170px) 100vw, 170px\" \/><\/a> <a href=\"https:\/\/www.groplay.com\/wp-content\/uploads\/2014\/10\/mask_rabbit.pdf\" title=\"Mark rabbit\"><img loading=\"lazy\" decoding=\"async\" class=\"alignleft  wp-image-570\" style=\"border: 0px; margin-left: 20px; margin-right: 20px;\" alt=\"thumb_mask_rabbit\" src=\"https:\/\/www.groplay.com\/wp-content\/uploads\/2014\/10\/thumb_mask_rabbit.png\" width=\"170\" height=\"221\" srcset=\"https:\/\/groplay.com\/wp-content\/uploads\/2014\/10\/thumb_mask_rabbit.png 283w, https:\/\/groplay.com\/wp-content\/uploads\/2014\/10\/thumb_mask_rabbit-230x300.png 230w, https:\/\/groplay.com\/wp-content\/uploads\/2014\/10\/thumb_mask_rabbit-115x150.png 115w\" sizes=\"(max-width: 170px) 100vw, 170px\" \/><\/a> <a href=\"https:\/\/www.groplay.com\/wp-content\/uploads\/2014\/10\/mask_reindeer.pdf\" title=\"Mask reindeer\"><img loading=\"lazy\" decoding=\"async\" class=\"alignleft  wp-image-571\" style=\"border: 0px; margin-left: 20px; margin-right: 20px;\" alt=\"thumb_mask_reindeer\" src=\"https:\/\/www.groplay.com\/wp-content\/uploads\/2014\/10\/thumb_mask_reindeer.png\" width=\"170\" height=\"221\" srcset=\"https:\/\/groplay.com\/wp-content\/uploads\/2014\/10\/thumb_mask_reindeer.png 283w, https:\/\/groplay.com\/wp-content\/uploads\/2014\/10\/thumb_mask_reindeer-230x300.png 230w, https:\/\/groplay.com\/wp-content\/uploads\/2014\/10\/thumb_mask_reindeer-115x150.png 115w\" sizes=\"(max-width: 170px) 100vw, 170px\" \/><\/a> <a href=\"https:\/\/www.groplay.com\/wp-content\/uploads\/2014\/10\/mask_standard.pdf\" title=\"Mask face\"><img loading=\"lazy\" decoding=\"async\" class=\"alignleft  wp-image-572\" style=\"border: 0px; margin-left: 20px; margin-right: 20px;\" alt=\"thumb_mask_standard\" src=\"https:\/\/www.groplay.com\/wp-content\/uploads\/2014\/10\/thumb_mask_standard.png\" width=\"170\" height=\"221\" srcset=\"https:\/\/groplay.com\/wp-content\/uploads\/2014\/10\/thumb_mask_standard.png 283w, https:\/\/groplay.com\/wp-content\/uploads\/2014\/10\/thumb_mask_standard-230x300.png 230w, https:\/\/groplay.com\/wp-content\/uploads\/2014\/10\/thumb_mask_standard-115x150.png 115w\" sizes=\"(max-width: 170px) 100vw, 170px\" \/><\/a> <a href=\"https:\/\/www.groplay.com\/wp-content\/uploads\/2014\/10\/postcards.pdf\" title=\"Postcards\"><img loading=\"lazy\" decoding=\"async\" class=\"alignleft  wp-image-573\" style=\"border: 0px;\" alt=\"thumb_postcards\" src=\"https:\/\/www.groplay.com\/wp-content\/uploads\/2014\/10\/thumb_postcards.png\" width=\"170\" height=\"221\" srcset=\"https:\/\/groplay.com\/wp-content\/uploads\/2014\/10\/thumb_postcards.png 283w, https:\/\/groplay.com\/wp-content\/uploads\/2014\/10\/thumb_postcards-230x300.png 230w, https:\/\/groplay.com\/wp-content\/uploads\/2014\/10\/thumb_postcards-115x150.png 115w\" sizes=\"(max-width: 170px) 100vw, 170px\" \/><\/a><\/div>\n","protected":false},"excerpt":{"rendered":"<p>Alfons \/ Albert \/ Mikko pyssel att ladda ner &nbsp; Klicka p\u00e5 ikonerna nedan f\u00f6r att ladda ner en PDF att skriva ut, f\u00e4rgl\u00e4gg och klipp sedan ut pysslet enligt mallen. Click the icons below to download a printable PDF file, color it and cut it out following the lines in the template. &nbsp; &nbsp;<\/p>\n","protected":false},"author":2,"featured_media":0,"parent":0,"menu_order":0,"comment_status":"closed","ping_status":"closed","template":"page-full-width.php","meta":{"_acf_changed":false,"footnotes":""},"class_list":["post-542","page","type-page","status-publish","hentry","wpautop"],"acf":[],"yoast_head":"<!-- This site is optimized with the Yoast SEO plugin v25.0 - https:\/\/yoast.com\/wordpress\/plugins\/seo\/ -->\n<title>Alfons<\/title>\n<meta name=\"robots\" content=\"index, follow, max-snippet:-1, max-image-preview:large, max-video-preview:-1\" \/>\n<link rel=\"canonical\" href=\"https:\/\/groplay.com\/alfons\/\" \/>\n<meta name=\"twitter:card\" content=\"summary_large_image\" \/>\n<meta name=\"twitter:title\" content=\"Alfons\" \/>\n<meta name=\"twitter:description\" content=\"Alfons \/ Albert \/ Mikko pyssel att ladda ner &nbsp; Klicka p\u00e5 ikonerna nedan f\u00f6r att ladda ner en PDF att skriva ut, f\u00e4rgl\u00e4gg och klipp sedan ut pysslet enligt mallen. Click the icons below to download a printable PDF file, color it and cut it out following the lines in the template. &nbsp; &nbsp;\" \/>\n<meta name=\"twitter:image\" content=\"https:\/\/www.groplay.com\/wp-content\/uploads\/2014\/10\/thumb_card_greeting_circles.png\" \/>\n<meta name=\"twitter:site\" content=\"@groplay\" \/>\n<script type=\"application\/ld+json\" class=\"yoast-schema-graph\">{\"@context\":\"https:\/\/schema.org\",\"@graph\":[{\"@type\":\"WebPage\",\"@id\":\"https:\/\/groplay.com\/alfons\/\",\"url\":\"https:\/\/groplay.com\/alfons\/\",\"name\":\"Alfons\",\"isPartOf\":{\"@id\":\"https:\/\/groplay.com\/sv\/#website\"},\"primaryImageOfPage\":{\"@id\":\"https:\/\/groplay.com\/alfons\/#primaryimage\"},\"image\":{\"@id\":\"https:\/\/groplay.com\/alfons\/#primaryimage\"},\"thumbnailUrl\":\"https:\/\/www.groplay.com\/wp-content\/uploads\/2014\/10\/thumb_card_greeting_circles.png\",\"datePublished\":\"2014-10-24T12:17:57+00:00\",\"dateModified\":\"2014-11-24T13:41:44+00:00\",\"breadcrumb\":{\"@id\":\"https:\/\/groplay.com\/alfons\/#breadcrumb\"},\"inLanguage\":\"sv-SE\",\"potentialAction\":[{\"@type\":\"ReadAction\",\"target\":[\"https:\/\/groplay.com\/alfons\/\"]}]},{\"@type\":\"ImageObject\",\"inLanguage\":\"sv-SE\",\"@id\":\"https:\/\/groplay.com\/alfons\/#primaryimage\",\"url\":\"https:\/\/www.groplay.com\/wp-content\/uploads\/2014\/10\/thumb_card_greeting_circles.png\",\"contentUrl\":\"https:\/\/www.groplay.com\/wp-content\/uploads\/2014\/10\/thumb_card_greeting_circles.png\"},{\"@type\":\"BreadcrumbList\",\"@id\":\"https:\/\/groplay.com\/alfons\/#breadcrumb\",\"itemListElement\":[{\"@type\":\"ListItem\",\"position\":1,\"name\":\"Home\",\"item\":\"https:\/\/groplay.com\/\"},{\"@type\":\"ListItem\",\"position\":2,\"name\":\"Alfons\"}]},{\"@type\":\"WebSite\",\"@id\":\"https:\/\/groplay.com\/sv\/#website\",\"url\":\"https:\/\/groplay.com\/sv\/\",\"name\":\"Gro Play\",\"description\":\"Playing to change the world\",\"publisher\":{\"@id\":\"https:\/\/groplay.com\/sv\/#organization\"},\"potentialAction\":[{\"@type\":\"SearchAction\",\"target\":{\"@type\":\"EntryPoint\",\"urlTemplate\":\"https:\/\/groplay.com\/sv\/?s={search_term_string}\"},\"query-input\":{\"@type\":\"PropertyValueSpecification\",\"valueRequired\":true,\"valueName\":\"search_term_string\"}}],\"inLanguage\":\"sv-SE\"},{\"@type\":\"Organization\",\"@id\":\"https:\/\/groplay.com\/sv\/#organization\",\"name\":\"Gro Play\",\"url\":\"https:\/\/groplay.com\/sv\/\",\"logo\":{\"@type\":\"ImageObject\",\"inLanguage\":\"sv-SE\",\"@id\":\"https:\/\/groplay.com\/sv\/#\/schema\/logo\/image\/\",\"url\":\"https:\/\/www.groplay.com\/wp-content\/uploads\/2012\/11\/logo_small.png\",\"contentUrl\":\"https:\/\/www.groplay.com\/wp-content\/uploads\/2012\/11\/logo_small.png\",\"width\":\"93\",\"height\":\"109\",\"caption\":\"Gro Play\"},\"image\":{\"@id\":\"https:\/\/groplay.com\/sv\/#\/schema\/logo\/image\/\"},\"sameAs\":[\"https:\/\/www.facebook.com\/GroPlay\/\",\"https:\/\/x.com\/groplay\",\"https:\/\/www.instagram.com\/groplay\/\",\"https:\/\/www.linkedin.com\/company\/gro-play-digital\",\"https:\/\/www.pinterest.se\/groplay\/\",\"https:\/\/www.youtube.com\/channel\/UCb0NwSqwHWMSlqMaLlcxDTA\"]}]}<\/script>\n<!-- \/ Yoast SEO plugin. -->","yoast_head_json":{"title":"Alfons","robots":{"index":"index","follow":"follow","max-snippet":"max-snippet:-1","max-image-preview":"max-image-preview:large","max-video-preview":"max-video-preview:-1"},"canonical":"https:\/\/groplay.com\/alfons\/","twitter_card":"summary_large_image","twitter_title":"Alfons","twitter_description":"Alfons \/ Albert \/ Mikko pyssel att ladda ner &nbsp; Klicka p\u00e5 ikonerna nedan f\u00f6r att ladda ner en PDF att skriva ut, f\u00e4rgl\u00e4gg och klipp sedan ut pysslet enligt mallen. Click the icons below to download a printable PDF file, color it and cut it out following the lines in the template. &nbsp; &nbsp;","twitter_image":"https:\/\/www.groplay.com\/wp-content\/uploads\/2014\/10\/thumb_card_greeting_circles.png","twitter_site":"@groplay","schema":{"@context":"https:\/\/schema.org","@graph":[{"@type":"WebPage","@id":"https:\/\/groplay.com\/alfons\/","url":"https:\/\/groplay.com\/alfons\/","name":"Alfons","isPartOf":{"@id":"https:\/\/groplay.com\/sv\/#website"},"primaryImageOfPage":{"@id":"https:\/\/groplay.com\/alfons\/#primaryimage"},"image":{"@id":"https:\/\/groplay.com\/alfons\/#primaryimage"},"thumbnailUrl":"https:\/\/www.groplay.com\/wp-content\/uploads\/2014\/10\/thumb_card_greeting_circles.png","datePublished":"2014-10-24T12:17:57+00:00","dateModified":"2014-11-24T13:41:44+00:00","breadcrumb":{"@id":"https:\/\/groplay.com\/alfons\/#breadcrumb"},"inLanguage":"sv-SE","potentialAction":[{"@type":"ReadAction","target":["https:\/\/groplay.com\/alfons\/"]}]},{"@type":"ImageObject","inLanguage":"sv-SE","@id":"https:\/\/groplay.com\/alfons\/#primaryimage","url":"https:\/\/www.groplay.com\/wp-content\/uploads\/2014\/10\/thumb_card_greeting_circles.png","contentUrl":"https:\/\/www.groplay.com\/wp-content\/uploads\/2014\/10\/thumb_card_greeting_circles.png"},{"@type":"BreadcrumbList","@id":"https:\/\/groplay.com\/alfons\/#breadcrumb","itemListElement":[{"@type":"ListItem","position":1,"name":"Home","item":"https:\/\/groplay.com\/"},{"@type":"ListItem","position":2,"name":"Alfons"}]},{"@type":"WebSite","@id":"https:\/\/groplay.com\/sv\/#website","url":"https:\/\/groplay.com\/sv\/","name":"Gro Play","description":"Playing to change the world","publisher":{"@id":"https:\/\/groplay.com\/sv\/#organization"},"potentialAction":[{"@type":"SearchAction","target":{"@type":"EntryPoint","urlTemplate":"https:\/\/groplay.com\/sv\/?s={search_term_string}"},"query-input":{"@type":"PropertyValueSpecification","valueRequired":true,"valueName":"search_term_string"}}],"inLanguage":"sv-SE"},{"@type":"Organization","@id":"https:\/\/groplay.com\/sv\/#organization","name":"Gro Play","url":"https:\/\/groplay.com\/sv\/","logo":{"@type":"ImageObject","inLanguage":"sv-SE","@id":"https:\/\/groplay.com\/sv\/#\/schema\/logo\/image\/","url":"https:\/\/www.groplay.com\/wp-content\/uploads\/2012\/11\/logo_small.png","contentUrl":"https:\/\/www.groplay.com\/wp-content\/uploads\/2012\/11\/logo_small.png","width":"93","height":"109","caption":"Gro Play"},"image":{"@id":"https:\/\/groplay.com\/sv\/#\/schema\/logo\/image\/"},"sameAs":["https:\/\/www.facebook.com\/GroPlay\/","https:\/\/x.com\/groplay","https:\/\/www.instagram.com\/groplay\/","https:\/\/www.linkedin.com\/company\/gro-play-digital","https:\/\/www.pinterest.se\/groplay\/","https:\/\/www.youtube.com\/channel\/UCb0NwSqwHWMSlqMaLlcxDTA"]}]}},"_links":{"self":[{"href":"https:\/\/groplay.com\/sv\/wp-json\/wp\/v2\/pages\/542","targetHints":{"allow":["GET"]}}],"collection":[{"href":"https:\/\/groplay.com\/sv\/wp-json\/wp\/v2\/pages"}],"about":[{"href":"https:\/\/groplay.com\/sv\/wp-json\/wp\/v2\/types\/page"}],"author":[{"embeddable":true,"href":"https:\/\/groplay.com\/sv\/wp-json\/wp\/v2\/users\/2"}],"replies":[{"embeddable":true,"href":"https:\/\/groplay.com\/sv\/wp-json\/wp\/v2\/comments?post=542"}],"version-history":[{"count":7,"href":"https:\/\/groplay.com\/sv\/wp-json\/wp\/v2\/pages\/542\/revisions"}],"predecessor-version":[{"id":578,"href":"https:\/\/groplay.com\/sv\/wp-json\/wp\/v2\/pages\/542\/revisions\/578"}],"wp:attachment":[{"href":"https:\/\/groplay.com\/sv\/wp-json\/wp\/v2\/media?parent=542"}],"curies":[{"name":"wp","href":"https:\/\/api.w.org\/{rel}","templated":true}]}}