{"id":387,"date":"2013-09-13T12:42:54","date_gmt":"2013-09-13T12:42:54","guid":{"rendered":"https:\/\/www.groplay.com\/?page_id=387"},"modified":"2024-02-20T15:44:44","modified_gmt":"2024-02-20T14:44:44","slug":"support","status":"publish","type":"page","link":"https:\/\/groplay.com\/sv\/support\/","title":{"rendered":"App Support"},"content":{"rendered":"<p>Kontakta oss om du har beh\u00f6ver hj\u00e4lp med n\u00e5got at v\u00e5ra spel. Inkludera f\u00f6ljande informaton:<\/p>\n<ul>\n<li>Spelets namn<\/li>\n<li>Plattform (Android, iOS, WebGL)<\/li>\n<li>Beskrivning av problemet eller fr\u00e5gan<\/li>\n<li>Om m\u00f6jligt, beskriv hur vi kan \u00e5terskapa problemet<\/li>\n<li>Om m\u00f6jligt, inkludera sk\u00e4rmdumpar eller foton fr\u00e5n spelet n\u00e4r felet uppst\u00e5r<\/li>\n<\/ul>\n<p>Skicka infon till\u00a0<a href=\"mailto:support@groplay.com\">support@groplay.com<\/a><\/p>\n<p>Vi besvarar varje fr\u00e5ga inom 24 timmar.<\/p>","protected":false},"excerpt":{"rendered":"<p>Kontakta oss om du har beh\u00f6ver hj\u00e4lp med n\u00e5got at v\u00e5ra spel. Inkludera f\u00f6ljande informaton: Spelets namn Plattform (Android, iOS, WebGL) Beskrivning av problemet eller fr\u00e5gan Om m\u00f6jligt, beskriv hur vi kan \u00e5terskapa problemet Om m\u00f6jligt, inkludera sk\u00e4rmdumpar eller foton fr\u00e5n spelet n\u00e4r felet uppst\u00e5r Skicka infon till\u00a0support@groplay.com Vi besvarar varje fr\u00e5ga inom 24 timmar.<\/p>\n","protected":false},"author":2,"featured_media":0,"parent":0,"menu_order":0,"comment_status":"closed","ping_status":"closed","template":"","meta":{"_acf_changed":false,"footnotes":""},"class_list":["post-387","page","type-page","status-publish","hentry","wpautop"],"acf":[],"yoast_head":"<!-- This site is optimized with the Yoast SEO plugin v25.0 - https:\/\/yoast.com\/wordpress\/plugins\/seo\/ -->\n<title>App Support<\/title>\n<meta name=\"robots\" content=\"index, follow, max-snippet:-1, max-image-preview:large, max-video-preview:-1\" \/>\n<link rel=\"canonical\" href=\"https:\/\/groplay.com\/support\/\" \/>\n<meta name=\"twitter:card\" content=\"summary_large_image\" \/>\n<meta name=\"twitter:title\" content=\"App Support\" \/>\n<meta name=\"twitter:description\" content=\"Kontakta oss om du har beh\u00f6ver hj\u00e4lp med n\u00e5got at v\u00e5ra spel. Inkludera f\u00f6ljande informaton: Spelets namn Plattform (Android, iOS, WebGL) Beskrivning av problemet eller fr\u00e5gan Om m\u00f6jligt, beskriv hur vi kan \u00e5terskapa problemet Om m\u00f6jligt, inkludera sk\u00e4rmdumpar eller foton fr\u00e5n spelet n\u00e4r felet uppst\u00e5r Skicka infon till\u00a0support@groplay.com Vi besvarar varje fr\u00e5ga inom 24 timmar.\" \/>\n<meta name=\"twitter:site\" content=\"@groplay\" \/>\n<meta name=\"twitter:label1\" content=\"Ber\u00e4knad l\u00e4stid\" \/>\n\t<meta name=\"twitter:data1\" content=\"1 minut\" \/>\n<script type=\"application\/ld+json\" class=\"yoast-schema-graph\">{\"@context\":\"https:\/\/schema.org\",\"@graph\":[{\"@type\":\"WebPage\",\"@id\":\"https:\/\/groplay.com\/support\/\",\"url\":\"https:\/\/groplay.com\/support\/\",\"name\":\"App Support\",\"isPartOf\":{\"@id\":\"https:\/\/groplay.com\/sv\/#website\"},\"datePublished\":\"2013-09-13T12:42:54+00:00\",\"dateModified\":\"2024-02-20T14:44:44+00:00\",\"breadcrumb\":{\"@id\":\"https:\/\/groplay.com\/support\/#breadcrumb\"},\"inLanguage\":\"sv-SE\",\"potentialAction\":[{\"@type\":\"ReadAction\",\"target\":[\"https:\/\/groplay.com\/support\/\"]}]},{\"@type\":\"BreadcrumbList\",\"@id\":\"https:\/\/groplay.com\/support\/#breadcrumb\",\"itemListElement\":[{\"@type\":\"ListItem\",\"position\":1,\"name\":\"Home\",\"item\":\"https:\/\/groplay.com\/\"},{\"@type\":\"ListItem\",\"position\":2,\"name\":\"App Support\"}]},{\"@type\":\"WebSite\",\"@id\":\"https:\/\/groplay.com\/sv\/#website\",\"url\":\"https:\/\/groplay.com\/sv\/\",\"name\":\"Gro Play\",\"description\":\"Playing to change the world\",\"publisher\":{\"@id\":\"https:\/\/groplay.com\/sv\/#organization\"},\"potentialAction\":[{\"@type\":\"SearchAction\",\"target\":{\"@type\":\"EntryPoint\",\"urlTemplate\":\"https:\/\/groplay.com\/sv\/?s={search_term_string}\"},\"query-input\":{\"@type\":\"PropertyValueSpecification\",\"valueRequired\":true,\"valueName\":\"search_term_string\"}}],\"inLanguage\":\"sv-SE\"},{\"@type\":\"Organization\",\"@id\":\"https:\/\/groplay.com\/sv\/#organization\",\"name\":\"Gro Play\",\"url\":\"https:\/\/groplay.com\/sv\/\",\"logo\":{\"@type\":\"ImageObject\",\"inLanguage\":\"sv-SE\",\"@id\":\"https:\/\/groplay.com\/sv\/#\/schema\/logo\/image\/\",\"url\":\"https:\/\/www.groplay.com\/wp-content\/uploads\/2012\/11\/logo_small.png\",\"contentUrl\":\"https:\/\/www.groplay.com\/wp-content\/uploads\/2012\/11\/logo_small.png\",\"width\":\"93\",\"height\":\"109\",\"caption\":\"Gro Play\"},\"image\":{\"@id\":\"https:\/\/groplay.com\/sv\/#\/schema\/logo\/image\/\"},\"sameAs\":[\"https:\/\/www.facebook.com\/GroPlay\/\",\"https:\/\/x.com\/groplay\",\"https:\/\/www.instagram.com\/groplay\/\",\"https:\/\/www.linkedin.com\/company\/gro-play-digital\",\"https:\/\/www.pinterest.se\/groplay\/\",\"https:\/\/www.youtube.com\/channel\/UCb0NwSqwHWMSlqMaLlcxDTA\"]}]}<\/script>\n<!-- \/ Yoast SEO plugin. -->","yoast_head_json":{"title":"App Support","robots":{"index":"index","follow":"follow","max-snippet":"max-snippet:-1","max-image-preview":"max-image-preview:large","max-video-preview":"max-video-preview:-1"},"canonical":"https:\/\/groplay.com\/support\/","twitter_card":"summary_large_image","twitter_title":"App Support","twitter_description":"Kontakta oss om du har beh\u00f6ver hj\u00e4lp med n\u00e5got at v\u00e5ra spel. Inkludera f\u00f6ljande informaton: Spelets namn Plattform (Android, iOS, WebGL) Beskrivning av problemet eller fr\u00e5gan Om m\u00f6jligt, beskriv hur vi kan \u00e5terskapa problemet Om m\u00f6jligt, inkludera sk\u00e4rmdumpar eller foton fr\u00e5n spelet n\u00e4r felet uppst\u00e5r Skicka infon till\u00a0support@groplay.com Vi besvarar varje fr\u00e5ga inom 24 timmar.","twitter_site":"@groplay","twitter_misc":{"Ber\u00e4knad l\u00e4stid":"1 minut"},"schema":{"@context":"https:\/\/schema.org","@graph":[{"@type":"WebPage","@id":"https:\/\/groplay.com\/support\/","url":"https:\/\/groplay.com\/support\/","name":"App Support","isPartOf":{"@id":"https:\/\/groplay.com\/sv\/#website"},"datePublished":"2013-09-13T12:42:54+00:00","dateModified":"2024-02-20T14:44:44+00:00","breadcrumb":{"@id":"https:\/\/groplay.com\/support\/#breadcrumb"},"inLanguage":"sv-SE","potentialAction":[{"@type":"ReadAction","target":["https:\/\/groplay.com\/support\/"]}]},{"@type":"BreadcrumbList","@id":"https:\/\/groplay.com\/support\/#breadcrumb","itemListElement":[{"@type":"ListItem","position":1,"name":"Home","item":"https:\/\/groplay.com\/"},{"@type":"ListItem","position":2,"name":"App Support"}]},{"@type":"WebSite","@id":"https:\/\/groplay.com\/sv\/#website","url":"https:\/\/groplay.com\/sv\/","name":"Gro Play","description":"Playing to change the world","publisher":{"@id":"https:\/\/groplay.com\/sv\/#organization"},"potentialAction":[{"@type":"SearchAction","target":{"@type":"EntryPoint","urlTemplate":"https:\/\/groplay.com\/sv\/?s={search_term_string}"},"query-input":{"@type":"PropertyValueSpecification","valueRequired":true,"valueName":"search_term_string"}}],"inLanguage":"sv-SE"},{"@type":"Organization","@id":"https:\/\/groplay.com\/sv\/#organization","name":"Gro Play","url":"https:\/\/groplay.com\/sv\/","logo":{"@type":"ImageObject","inLanguage":"sv-SE","@id":"https:\/\/groplay.com\/sv\/#\/schema\/logo\/image\/","url":"https:\/\/www.groplay.com\/wp-content\/uploads\/2012\/11\/logo_small.png","contentUrl":"https:\/\/www.groplay.com\/wp-content\/uploads\/2012\/11\/logo_small.png","width":"93","height":"109","caption":"Gro Play"},"image":{"@id":"https:\/\/groplay.com\/sv\/#\/schema\/logo\/image\/"},"sameAs":["https:\/\/www.facebook.com\/GroPlay\/","https:\/\/x.com\/groplay","https:\/\/www.instagram.com\/groplay\/","https:\/\/www.linkedin.com\/company\/gro-play-digital","https:\/\/www.pinterest.se\/groplay\/","https:\/\/www.youtube.com\/channel\/UCb0NwSqwHWMSlqMaLlcxDTA"]}]}},"_links":{"self":[{"href":"https:\/\/groplay.com\/sv\/wp-json\/wp\/v2\/pages\/387","targetHints":{"allow":["GET"]}}],"collection":[{"href":"https:\/\/groplay.com\/sv\/wp-json\/wp\/v2\/pages"}],"about":[{"href":"https:\/\/groplay.com\/sv\/wp-json\/wp\/v2\/types\/page"}],"author":[{"embeddable":true,"href":"https:\/\/groplay.com\/sv\/wp-json\/wp\/v2\/users\/2"}],"replies":[{"embeddable":true,"href":"https:\/\/groplay.com\/sv\/wp-json\/wp\/v2\/comments?post=387"}],"version-history":[{"count":8,"href":"https:\/\/groplay.com\/sv\/wp-json\/wp\/v2\/pages\/387\/revisions"}],"predecessor-version":[{"id":2906,"href":"https:\/\/groplay.com\/sv\/wp-json\/wp\/v2\/pages\/387\/revisions\/2906"}],"wp:attachment":[{"href":"https:\/\/groplay.com\/sv\/wp-json\/wp\/v2\/media?parent=387"}],"curies":[{"name":"wp","href":"https:\/\/api.w.org\/{rel}","templated":true}]}}