{"id":2302,"date":"2024-01-18T09:59:18","date_gmt":"2024-01-18T08:59:18","guid":{"rendered":"https:\/\/www.groplay.com\/?page_id=2302"},"modified":"2024-02-08T09:24:53","modified_gmt":"2024-02-08T08:24:53","slug":"school","status":"publish","type":"page","link":"https:\/\/groplay.com\/sv\/school\/","title":{"rendered":"Skola"},"content":{"rendered":"\t\t<div data-elementor-type=\"wp-page\" data-elementor-id=\"2302\" class=\"elementor elementor-2302\">\n\t\t\t\t<div class=\"elementor-element elementor-element-97f6039 e-flex e-con-boxed e-con e-parent\" data-id=\"97f6039\" data-element_type=\"container\">\n\t\t\t\t\t<div class=\"e-con-inner\">\n\t\t\t\t<div class=\"elementor-element elementor-element-a7ea98a elementor-widget__width-inherit elementor-widget elementor-widget-heading\" data-id=\"a7ea98a\" data-element_type=\"widget\" data-widget_type=\"heading.default\">\n\t\t\t\t<div class=\"elementor-widget-container\">\n\t\t\t\t\t<h2 class=\"elementor-heading-title elementor-size-default\">Grow Planet<\/h2>\t\t\t\t<\/div>\n\t\t\t\t<\/div>\n\t\t\t\t<div class=\"elementor-element elementor-element-57b1ab2 elementor-widget elementor-widget-image\" data-id=\"57b1ab2\" data-element_type=\"widget\" data-widget_type=\"image.default\">\n\t\t\t\t<div class=\"elementor-widget-container\">\n\t\t\t\t\t\t\t\t\t\t\t\t\t\t\t<img fetchpriority=\"high\" decoding=\"async\" width=\"1280\" height=\"520\" src=\"https:\/\/groplay.com\/wp-content\/uploads\/2020\/10\/grow-planet-steam-school-game-app.png\" class=\"attachment-full size-full wp-image-1663\" alt=\"Grow Planet\" srcset=\"https:\/\/groplay.com\/wp-content\/uploads\/2020\/10\/grow-planet-steam-school-game-app.png 1280w, https:\/\/groplay.com\/wp-content\/uploads\/2020\/10\/grow-planet-steam-school-game-app-300x122.png 300w, https:\/\/groplay.com\/wp-content\/uploads\/2020\/10\/grow-planet-steam-school-game-app-1024x416.png 1024w, https:\/\/groplay.com\/wp-content\/uploads\/2020\/10\/grow-planet-steam-school-game-app-768x312.png 768w, https:\/\/groplay.com\/wp-content\/uploads\/2020\/10\/grow-planet-steam-school-game-app-369x150.png 369w\" sizes=\"(max-width: 1280px) 100vw, 1280px\" \/>\t\t\t\t\t\t\t\t\t\t\t\t\t\t\t<\/div>\n\t\t\t\t<\/div>\n\t\t\t\t<div class=\"elementor-element elementor-element-92ef801 elementor-widget__width-inherit elementor-widget elementor-widget-text-editor\" data-id=\"92ef801\" data-element_type=\"widget\" data-widget_type=\"text-editor.default\">\n\t\t\t\t<div class=\"elementor-widget-container\">\n\t\t\t\t\t\t\t\t\t<p>Vi \u00e4r i full f\u00e4rd med att utveckla en immersiv l\u00e4rplattform, Grow Planet, i n\u00e4ra samarbete med edtech-acceleratorn xEdu, The Playful Learning Center i Helsingfors samt skolor i Finland och Sverige. Denna l\u00e4randeplattform i en virtuell v\u00e4rld \u00e4r designad f\u00f6r fenomenbaserad undervisning. Elever har m\u00f6jlighet att sj\u00e4lva best\u00e4mma takt och s\u00f6ka hj\u00e4lp hos varandra eller l\u00e4rare.<\/p><p>Om du vill vara med i v\u00e5r samskapande grupp av skolor i Sverige och Finland f\u00f6r att bidra till utvecklingen av Grow Planet,\u00a0<a href=\"http:\/\/eepurl.com\/dpBDWL\">registrera dig h\u00e4r<\/a>. Vi vill g\u00e4rna vilja ha dig med!<\/p>\t\t\t\t\t\t\t\t<\/div>\n\t\t\t\t<\/div>\n\t\t\t\t\t<\/div>\n\t\t\t\t<\/div>\n\t\t<div class=\"elementor-element elementor-element-75f3beb e-flex e-con-boxed e-con e-parent\" data-id=\"75f3beb\" data-element_type=\"container\">\n\t\t\t\t\t<div class=\"e-con-inner\">\n\t\t\t\t<div class=\"elementor-element elementor-element-45409b2 elementor-widget elementor-widget-spacer\" data-id=\"45409b2\" data-element_type=\"widget\" data-widget_type=\"spacer.default\">\n\t\t\t\t<div class=\"elementor-widget-container\">\n\t\t\t\t\t\t\t<div class=\"elementor-spacer\">\n\t\t\t<div class=\"elementor-spacer-inner\"><\/div>\n\t\t<\/div>\n\t\t\t\t\t\t<\/div>\n\t\t\t\t<\/div>\n\t\t\t\t\t<\/div>\n\t\t\t\t<\/div>\n\t\t\t\t<\/div>\n\t\t","protected":false},"excerpt":{"rendered":"<p>Grow Planet Vi \u00e4r i full f\u00e4rd med att utveckla en immersiv l\u00e4rplattform, Grow Planet, i n\u00e4ra samarbete med edtech-acceleratorn xEdu, The Playful Learning Center i Helsingfors samt skolor i Finland och Sverige. Denna l\u00e4randeplattform i en virtuell v\u00e4rld \u00e4r designad f\u00f6r fenomenbaserad undervisning. Elever har m\u00f6jlighet att sj\u00e4lva best\u00e4mma takt och s\u00f6ka hj\u00e4lp hos [&hellip;]<\/p>\n","protected":false},"author":6,"featured_media":0,"parent":0,"menu_order":0,"comment_status":"closed","ping_status":"closed","template":"","meta":{"_acf_changed":false,"footnotes":""},"class_list":["post-2302","page","type-page","status-publish","hentry","wpautop"],"acf":[],"yoast_head":"<!-- This site is optimized with the Yoast SEO plugin v25.0 - https:\/\/yoast.com\/wordpress\/plugins\/seo\/ -->\n<title>Skola<\/title>\n<meta name=\"robots\" content=\"index, follow, max-snippet:-1, max-image-preview:large, max-video-preview:-1\" \/>\n<link rel=\"canonical\" href=\"https:\/\/groplay.com\/school\/\" \/>\n<meta name=\"twitter:card\" content=\"summary_large_image\" \/>\n<meta name=\"twitter:title\" content=\"Skola\" \/>\n<meta name=\"twitter:description\" content=\"Grow Planet Vi \u00e4r i full f\u00e4rd med att utveckla en immersiv l\u00e4rplattform, Grow Planet, i n\u00e4ra samarbete med edtech-acceleratorn xEdu, The Playful Learning Center i Helsingfors samt skolor i Finland och Sverige. Denna l\u00e4randeplattform i en virtuell v\u00e4rld \u00e4r designad f\u00f6r fenomenbaserad undervisning. Elever har m\u00f6jlighet att sj\u00e4lva best\u00e4mma takt och s\u00f6ka hj\u00e4lp hos [&hellip;]\" \/>\n<meta name=\"twitter:image\" content=\"https:\/\/www.groplay.com\/wp-content\/uploads\/2020\/10\/grow-planet-steam-school-game-app.png\" \/>\n<meta name=\"twitter:site\" content=\"@groplay\" \/>\n<meta name=\"twitter:label1\" content=\"Ber\u00e4knad l\u00e4stid\" \/>\n\t<meta name=\"twitter:data1\" content=\"1 minut\" \/>\n<script type=\"application\/ld+json\" class=\"yoast-schema-graph\">{\"@context\":\"https:\/\/schema.org\",\"@graph\":[{\"@type\":\"WebPage\",\"@id\":\"https:\/\/groplay.com\/school\/\",\"url\":\"https:\/\/groplay.com\/school\/\",\"name\":\"Skola\",\"isPartOf\":{\"@id\":\"https:\/\/groplay.com\/sv\/#website\"},\"primaryImageOfPage\":{\"@id\":\"https:\/\/groplay.com\/school\/#primaryimage\"},\"image\":{\"@id\":\"https:\/\/groplay.com\/school\/#primaryimage\"},\"thumbnailUrl\":\"https:\/\/www.groplay.com\/wp-content\/uploads\/2020\/10\/grow-planet-steam-school-game-app.png\",\"datePublished\":\"2024-01-18T08:59:18+00:00\",\"dateModified\":\"2024-02-08T08:24:53+00:00\",\"breadcrumb\":{\"@id\":\"https:\/\/groplay.com\/school\/#breadcrumb\"},\"inLanguage\":\"sv-SE\",\"potentialAction\":[{\"@type\":\"ReadAction\",\"target\":[\"https:\/\/groplay.com\/school\/\"]}]},{\"@type\":\"ImageObject\",\"inLanguage\":\"sv-SE\",\"@id\":\"https:\/\/groplay.com\/school\/#primaryimage\",\"url\":\"https:\/\/www.groplay.com\/wp-content\/uploads\/2020\/10\/grow-planet-steam-school-game-app.png\",\"contentUrl\":\"https:\/\/www.groplay.com\/wp-content\/uploads\/2020\/10\/grow-planet-steam-school-game-app.png\"},{\"@type\":\"BreadcrumbList\",\"@id\":\"https:\/\/groplay.com\/school\/#breadcrumb\",\"itemListElement\":[{\"@type\":\"ListItem\",\"position\":1,\"name\":\"Home\",\"item\":\"https:\/\/groplay.com\/\"},{\"@type\":\"ListItem\",\"position\":2,\"name\":\"School\"}]},{\"@type\":\"WebSite\",\"@id\":\"https:\/\/groplay.com\/sv\/#website\",\"url\":\"https:\/\/groplay.com\/sv\/\",\"name\":\"Gro Play\",\"description\":\"Playing to change the world\",\"publisher\":{\"@id\":\"https:\/\/groplay.com\/sv\/#organization\"},\"potentialAction\":[{\"@type\":\"SearchAction\",\"target\":{\"@type\":\"EntryPoint\",\"urlTemplate\":\"https:\/\/groplay.com\/sv\/?s={search_term_string}\"},\"query-input\":{\"@type\":\"PropertyValueSpecification\",\"valueRequired\":true,\"valueName\":\"search_term_string\"}}],\"inLanguage\":\"sv-SE\"},{\"@type\":\"Organization\",\"@id\":\"https:\/\/groplay.com\/sv\/#organization\",\"name\":\"Gro Play\",\"url\":\"https:\/\/groplay.com\/sv\/\",\"logo\":{\"@type\":\"ImageObject\",\"inLanguage\":\"sv-SE\",\"@id\":\"https:\/\/groplay.com\/sv\/#\/schema\/logo\/image\/\",\"url\":\"https:\/\/www.groplay.com\/wp-content\/uploads\/2012\/11\/logo_small.png\",\"contentUrl\":\"https:\/\/www.groplay.com\/wp-content\/uploads\/2012\/11\/logo_small.png\",\"width\":\"93\",\"height\":\"109\",\"caption\":\"Gro Play\"},\"image\":{\"@id\":\"https:\/\/groplay.com\/sv\/#\/schema\/logo\/image\/\"},\"sameAs\":[\"https:\/\/www.facebook.com\/GroPlay\/\",\"https:\/\/x.com\/groplay\",\"https:\/\/www.instagram.com\/groplay\/\",\"https:\/\/www.linkedin.com\/company\/gro-play-digital\",\"https:\/\/www.pinterest.se\/groplay\/\",\"https:\/\/www.youtube.com\/channel\/UCb0NwSqwHWMSlqMaLlcxDTA\"]}]}<\/script>\n<!-- \/ Yoast SEO plugin. -->","yoast_head_json":{"title":"Skola","robots":{"index":"index","follow":"follow","max-snippet":"max-snippet:-1","max-image-preview":"max-image-preview:large","max-video-preview":"max-video-preview:-1"},"canonical":"https:\/\/groplay.com\/school\/","twitter_card":"summary_large_image","twitter_title":"Skola","twitter_description":"Grow Planet Vi \u00e4r i full f\u00e4rd med att utveckla en immersiv l\u00e4rplattform, Grow Planet, i n\u00e4ra samarbete med edtech-acceleratorn xEdu, The Playful Learning Center i Helsingfors samt skolor i Finland och Sverige. Denna l\u00e4randeplattform i en virtuell v\u00e4rld \u00e4r designad f\u00f6r fenomenbaserad undervisning. Elever har m\u00f6jlighet att sj\u00e4lva best\u00e4mma takt och s\u00f6ka hj\u00e4lp hos [&hellip;]","twitter_image":"https:\/\/www.groplay.com\/wp-content\/uploads\/2020\/10\/grow-planet-steam-school-game-app.png","twitter_site":"@groplay","twitter_misc":{"Ber\u00e4knad l\u00e4stid":"1 minut"},"schema":{"@context":"https:\/\/schema.org","@graph":[{"@type":"WebPage","@id":"https:\/\/groplay.com\/school\/","url":"https:\/\/groplay.com\/school\/","name":"Skola","isPartOf":{"@id":"https:\/\/groplay.com\/sv\/#website"},"primaryImageOfPage":{"@id":"https:\/\/groplay.com\/school\/#primaryimage"},"image":{"@id":"https:\/\/groplay.com\/school\/#primaryimage"},"thumbnailUrl":"https:\/\/www.groplay.com\/wp-content\/uploads\/2020\/10\/grow-planet-steam-school-game-app.png","datePublished":"2024-01-18T08:59:18+00:00","dateModified":"2024-02-08T08:24:53+00:00","breadcrumb":{"@id":"https:\/\/groplay.com\/school\/#breadcrumb"},"inLanguage":"sv-SE","potentialAction":[{"@type":"ReadAction","target":["https:\/\/groplay.com\/school\/"]}]},{"@type":"ImageObject","inLanguage":"sv-SE","@id":"https:\/\/groplay.com\/school\/#primaryimage","url":"https:\/\/www.groplay.com\/wp-content\/uploads\/2020\/10\/grow-planet-steam-school-game-app.png","contentUrl":"https:\/\/www.groplay.com\/wp-content\/uploads\/2020\/10\/grow-planet-steam-school-game-app.png"},{"@type":"BreadcrumbList","@id":"https:\/\/groplay.com\/school\/#breadcrumb","itemListElement":[{"@type":"ListItem","position":1,"name":"Home","item":"https:\/\/groplay.com\/"},{"@type":"ListItem","position":2,"name":"School"}]},{"@type":"WebSite","@id":"https:\/\/groplay.com\/sv\/#website","url":"https:\/\/groplay.com\/sv\/","name":"Gro Play","description":"Playing to change the world","publisher":{"@id":"https:\/\/groplay.com\/sv\/#organization"},"potentialAction":[{"@type":"SearchAction","target":{"@type":"EntryPoint","urlTemplate":"https:\/\/groplay.com\/sv\/?s={search_term_string}"},"query-input":{"@type":"PropertyValueSpecification","valueRequired":true,"valueName":"search_term_string"}}],"inLanguage":"sv-SE"},{"@type":"Organization","@id":"https:\/\/groplay.com\/sv\/#organization","name":"Gro Play","url":"https:\/\/groplay.com\/sv\/","logo":{"@type":"ImageObject","inLanguage":"sv-SE","@id":"https:\/\/groplay.com\/sv\/#\/schema\/logo\/image\/","url":"https:\/\/www.groplay.com\/wp-content\/uploads\/2012\/11\/logo_small.png","contentUrl":"https:\/\/www.groplay.com\/wp-content\/uploads\/2012\/11\/logo_small.png","width":"93","height":"109","caption":"Gro Play"},"image":{"@id":"https:\/\/groplay.com\/sv\/#\/schema\/logo\/image\/"},"sameAs":["https:\/\/www.facebook.com\/GroPlay\/","https:\/\/x.com\/groplay","https:\/\/www.instagram.com\/groplay\/","https:\/\/www.linkedin.com\/company\/gro-play-digital","https:\/\/www.pinterest.se\/groplay\/","https:\/\/www.youtube.com\/channel\/UCb0NwSqwHWMSlqMaLlcxDTA"]}]}},"_links":{"self":[{"href":"https:\/\/groplay.com\/sv\/wp-json\/wp\/v2\/pages\/2302","targetHints":{"allow":["GET"]}}],"collection":[{"href":"https:\/\/groplay.com\/sv\/wp-json\/wp\/v2\/pages"}],"about":[{"href":"https:\/\/groplay.com\/sv\/wp-json\/wp\/v2\/types\/page"}],"author":[{"embeddable":true,"href":"https:\/\/groplay.com\/sv\/wp-json\/wp\/v2\/users\/6"}],"replies":[{"embeddable":true,"href":"https:\/\/groplay.com\/sv\/wp-json\/wp\/v2\/comments?post=2302"}],"version-history":[{"count":50,"href":"https:\/\/groplay.com\/sv\/wp-json\/wp\/v2\/pages\/2302\/revisions"}],"predecessor-version":[{"id":2753,"href":"https:\/\/groplay.com\/sv\/wp-json\/wp\/v2\/pages\/2302\/revisions\/2753"}],"wp:attachment":[{"href":"https:\/\/groplay.com\/sv\/wp-json\/wp\/v2\/media?parent=2302"}],"curies":[{"name":"wp","href":"https:\/\/api.w.org\/{rel}","templated":true}]}}