{"id":1648,"date":"2020-06-24T12:33:33","date_gmt":"2020-06-24T10:33:33","guid":{"rendered":"https:\/\/www.groplay.com\/?page_id=1648"},"modified":"2020-06-24T12:35:53","modified_gmt":"2020-06-24T10:35:53","slug":"privacy-policy-germany-android","status":"publish","type":"page","link":"https:\/\/groplay.com\/sv\/privacy-policy-germany-android\/","title":{"rendered":"Privacy Policy Germany &#8211; Android"},"content":{"rendered":"<p><span style=\"font-family: 'Helvetica Neue', Helvetica, Arial, sans-serif; font-size: 13px; line-height: 18px;\">Unsere Datenschutzrichtlinie wurde zuletzt am 24. Juni 2020 aktualisiert<\/span><\/p>\n<h4>Nutzungsverfolgung<\/h4>\n<p>Einige unserer Apps enthalten ein Minimum an Nutzungsverfolgung, mit dem wir die Spiele analysieren und analysieren k\u00f6nnen, wie sie gespielt und verbessert werden, um die Benutzererfahrung zu verbessern. Diese Daten werden niemals an Dritte weitergegeben und die Daten werden auf sichere Weise behandelt und \u00fcbertragen. Die Daten sind anonym und k\u00f6nnen nicht zur Identifizierung eines bestimmten Benutzers oder Ger\u00e4ts verwendet werden.<\/p>\n<p>&nbsp;<\/p>\n<h4>Pers\u00f6nlich identifizierbare Informationen<\/h4>\n<p>In unseren Apps, mit denen der Benutzer die Vollversion \u00fcber einen In-App-Kauf erwerben kann, verwenden wir die eindeutige Ger\u00e4te-ID (Android ID), um die Kaufdaten zu sichern. Die ID wird nicht geteilt oder vom Ger\u00e4t \u00fcbertragen, sondern nur lokal f\u00fcr diesen alleinigen Zweck verwendet.<\/p>\n<p>&nbsp;<\/p>\n<h4>Einhaltung des Online-Datenschutzgesetzes f\u00fcr Kinder<\/h4>\n<p>Wir erf\u00fcllen die Anforderungen des COPPA (Childrens Online Privacy Protection Act).<\/p>\n<p>&nbsp;<\/p>\n<h4>Vorratsdatenspeicherung<\/h4>\n<p>Benutzerdaten bleiben so lange erhalten, wie es f\u00fcr die Bereitstellung des Dienstes erforderlich ist. Daten werden aus unseren Aufzeichnungen gel\u00f6scht, wenn sie innerhalb eines angemessenen Zeitraums nicht mehr ben\u00f6tigt werden.<\/p>\n<p>&nbsp;<\/p>\n<h4>Datensicherheit<\/h4>\n<p>Gro Play verwendet allgemein anerkannte Sicherheitsma\u00dfnahmen und Schutzma\u00dfnahmen, um die gesammelten Daten sicher zu halten, und verlangt, dass die Dritten, mit denen es zusammenarbeitet, zustimmen, dasselbe zu tun. Zu den Ma\u00dfnahmen und Schutzma\u00dfnahmen geh\u00f6rt die Beschr\u00e4nkung des Zugriffs auf die Daten auf diejenigen Personen, die diese ben\u00f6tigen, um ihre Arbeit f\u00fcr Gro Play abzuschlie\u00dfen, eine Firewall-gesch\u00fctzte Umgebung zu verwenden und pers\u00f6nliche Informationen verschl\u00fcsselt und in sicheren Betriebsumgebungen zu speichern.<\/p>\n<p>&nbsp;<\/p>\n<h4>Datenentfernung<\/h4>\n<p>Wenn Sie Ihr Konto vollst\u00e4ndig von unseren Systemen entfernen m\u00f6chten, kontaktieren Sie uns unter <a href=\"mailto:privacy@www.groplay.com\">privacy@www.groplay.com<\/a>.<\/p>\n<p>&nbsp;<\/p>\n<h4>Datenabruf<\/h4>\n<p>Wenn Sie eine Liste aller Daten abrufen m\u00f6chten, die wir \u00fcber Ihren Benutzer gespeichert haben, kontaktieren Sie uns unter <a href=\"mailto:privacy@www.groplay.com\">privacy@www.groplay.com<\/a>.<\/p>\n<p>&nbsp;<\/p>\n<h4>Haben Sie weitere Bedenken oder Fragen zu unserer Datenschutzrichtlinie?<\/h4>\n<p>Wenn Sie weitere Fragen oder Bedenken zu unseren Datenschutzrichtlinien haben, wenden Sie sich bitte an <a href=\"mailto:privacy@www.groplay.com\">privacy@www.groplay.com<\/a>.<\/p>\n","protected":false},"excerpt":{"rendered":"<p>Unsere Datenschutzrichtlinie wurde zuletzt am 24. Juni 2020 aktualisiert Nutzungsverfolgung Einige unserer Apps enthalten ein Minimum an Nutzungsverfolgung, mit dem wir die Spiele analysieren und analysieren k\u00f6nnen, wie sie gespielt und verbessert werden, um die Benutzererfahrung zu verbessern. Diese Daten werden niemals an Dritte weitergegeben und die Daten werden auf sichere Weise behandelt und \u00fcbertragen. [&hellip;]<\/p>\n","protected":false},"author":6,"featured_media":0,"parent":0,"menu_order":0,"comment_status":"closed","ping_status":"closed","template":"","meta":{"_acf_changed":false,"footnotes":""},"class_list":["post-1648","page","type-page","status-publish","hentry","wpautop"],"acf":[],"yoast_head":"<!-- This site is optimized with the Yoast SEO plugin v25.0 - https:\/\/yoast.com\/wordpress\/plugins\/seo\/ -->\n<title>Privacy Policy Germany - Android<\/title>\n<meta name=\"robots\" content=\"index, follow, max-snippet:-1, max-image-preview:large, max-video-preview:-1\" \/>\n<link rel=\"canonical\" href=\"https:\/\/groplay.com\/privacy-policy-germany-android\/\" \/>\n<meta name=\"twitter:card\" content=\"summary_large_image\" \/>\n<meta name=\"twitter:title\" content=\"Privacy Policy Germany - Android\" \/>\n<meta name=\"twitter:description\" content=\"Unsere Datenschutzrichtlinie wurde zuletzt am 24. Juni 2020 aktualisiert Nutzungsverfolgung Einige unserer Apps enthalten ein Minimum an Nutzungsverfolgung, mit dem wir die Spiele analysieren und analysieren k\u00f6nnen, wie sie gespielt und verbessert werden, um die Benutzererfahrung zu verbessern. Diese Daten werden niemals an Dritte weitergegeben und die Daten werden auf sichere Weise behandelt und \u00fcbertragen. [&hellip;]\" \/>\n<meta name=\"twitter:site\" content=\"@groplay\" \/>\n<meta name=\"twitter:label1\" content=\"Ber\u00e4knad l\u00e4stid\" \/>\n\t<meta name=\"twitter:data1\" content=\"2 minuter\" \/>\n<script type=\"application\/ld+json\" class=\"yoast-schema-graph\">{\"@context\":\"https:\/\/schema.org\",\"@graph\":[{\"@type\":\"WebPage\",\"@id\":\"https:\/\/groplay.com\/privacy-policy-germany-android\/\",\"url\":\"https:\/\/groplay.com\/privacy-policy-germany-android\/\",\"name\":\"Privacy Policy Germany - Android\",\"isPartOf\":{\"@id\":\"https:\/\/groplay.com\/sv\/#website\"},\"datePublished\":\"2020-06-24T10:33:33+00:00\",\"dateModified\":\"2020-06-24T10:35:53+00:00\",\"breadcrumb\":{\"@id\":\"https:\/\/groplay.com\/privacy-policy-germany-android\/#breadcrumb\"},\"inLanguage\":\"sv-SE\",\"potentialAction\":[{\"@type\":\"ReadAction\",\"target\":[\"https:\/\/groplay.com\/privacy-policy-germany-android\/\"]}]},{\"@type\":\"BreadcrumbList\",\"@id\":\"https:\/\/groplay.com\/privacy-policy-germany-android\/#breadcrumb\",\"itemListElement\":[{\"@type\":\"ListItem\",\"position\":1,\"name\":\"Home\",\"item\":\"https:\/\/groplay.com\/\"},{\"@type\":\"ListItem\",\"position\":2,\"name\":\"Privacy Policy Germany &#8211; Android\"}]},{\"@type\":\"WebSite\",\"@id\":\"https:\/\/groplay.com\/sv\/#website\",\"url\":\"https:\/\/groplay.com\/sv\/\",\"name\":\"Gro Play\",\"description\":\"Playing to change the world\",\"publisher\":{\"@id\":\"https:\/\/groplay.com\/sv\/#organization\"},\"potentialAction\":[{\"@type\":\"SearchAction\",\"target\":{\"@type\":\"EntryPoint\",\"urlTemplate\":\"https:\/\/groplay.com\/sv\/?s={search_term_string}\"},\"query-input\":{\"@type\":\"PropertyValueSpecification\",\"valueRequired\":true,\"valueName\":\"search_term_string\"}}],\"inLanguage\":\"sv-SE\"},{\"@type\":\"Organization\",\"@id\":\"https:\/\/groplay.com\/sv\/#organization\",\"name\":\"Gro Play\",\"url\":\"https:\/\/groplay.com\/sv\/\",\"logo\":{\"@type\":\"ImageObject\",\"inLanguage\":\"sv-SE\",\"@id\":\"https:\/\/groplay.com\/sv\/#\/schema\/logo\/image\/\",\"url\":\"https:\/\/www.groplay.com\/wp-content\/uploads\/2012\/11\/logo_small.png\",\"contentUrl\":\"https:\/\/www.groplay.com\/wp-content\/uploads\/2012\/11\/logo_small.png\",\"width\":\"93\",\"height\":\"109\",\"caption\":\"Gro Play\"},\"image\":{\"@id\":\"https:\/\/groplay.com\/sv\/#\/schema\/logo\/image\/\"},\"sameAs\":[\"https:\/\/www.facebook.com\/GroPlay\/\",\"https:\/\/x.com\/groplay\",\"https:\/\/www.instagram.com\/groplay\/\",\"https:\/\/www.linkedin.com\/company\/gro-play-digital\",\"https:\/\/www.pinterest.se\/groplay\/\",\"https:\/\/www.youtube.com\/channel\/UCb0NwSqwHWMSlqMaLlcxDTA\"]}]}<\/script>\n<!-- \/ Yoast SEO plugin. -->","yoast_head_json":{"title":"Privacy Policy Germany - Android","robots":{"index":"index","follow":"follow","max-snippet":"max-snippet:-1","max-image-preview":"max-image-preview:large","max-video-preview":"max-video-preview:-1"},"canonical":"https:\/\/groplay.com\/privacy-policy-germany-android\/","twitter_card":"summary_large_image","twitter_title":"Privacy Policy Germany - Android","twitter_description":"Unsere Datenschutzrichtlinie wurde zuletzt am 24. Juni 2020 aktualisiert Nutzungsverfolgung Einige unserer Apps enthalten ein Minimum an Nutzungsverfolgung, mit dem wir die Spiele analysieren und analysieren k\u00f6nnen, wie sie gespielt und verbessert werden, um die Benutzererfahrung zu verbessern. Diese Daten werden niemals an Dritte weitergegeben und die Daten werden auf sichere Weise behandelt und \u00fcbertragen. [&hellip;]","twitter_site":"@groplay","twitter_misc":{"Ber\u00e4knad l\u00e4stid":"2 minuter"},"schema":{"@context":"https:\/\/schema.org","@graph":[{"@type":"WebPage","@id":"https:\/\/groplay.com\/privacy-policy-germany-android\/","url":"https:\/\/groplay.com\/privacy-policy-germany-android\/","name":"Privacy Policy Germany - Android","isPartOf":{"@id":"https:\/\/groplay.com\/sv\/#website"},"datePublished":"2020-06-24T10:33:33+00:00","dateModified":"2020-06-24T10:35:53+00:00","breadcrumb":{"@id":"https:\/\/groplay.com\/privacy-policy-germany-android\/#breadcrumb"},"inLanguage":"sv-SE","potentialAction":[{"@type":"ReadAction","target":["https:\/\/groplay.com\/privacy-policy-germany-android\/"]}]},{"@type":"BreadcrumbList","@id":"https:\/\/groplay.com\/privacy-policy-germany-android\/#breadcrumb","itemListElement":[{"@type":"ListItem","position":1,"name":"Home","item":"https:\/\/groplay.com\/"},{"@type":"ListItem","position":2,"name":"Privacy Policy Germany &#8211; Android"}]},{"@type":"WebSite","@id":"https:\/\/groplay.com\/sv\/#website","url":"https:\/\/groplay.com\/sv\/","name":"Gro Play","description":"Playing to change the world","publisher":{"@id":"https:\/\/groplay.com\/sv\/#organization"},"potentialAction":[{"@type":"SearchAction","target":{"@type":"EntryPoint","urlTemplate":"https:\/\/groplay.com\/sv\/?s={search_term_string}"},"query-input":{"@type":"PropertyValueSpecification","valueRequired":true,"valueName":"search_term_string"}}],"inLanguage":"sv-SE"},{"@type":"Organization","@id":"https:\/\/groplay.com\/sv\/#organization","name":"Gro Play","url":"https:\/\/groplay.com\/sv\/","logo":{"@type":"ImageObject","inLanguage":"sv-SE","@id":"https:\/\/groplay.com\/sv\/#\/schema\/logo\/image\/","url":"https:\/\/www.groplay.com\/wp-content\/uploads\/2012\/11\/logo_small.png","contentUrl":"https:\/\/www.groplay.com\/wp-content\/uploads\/2012\/11\/logo_small.png","width":"93","height":"109","caption":"Gro Play"},"image":{"@id":"https:\/\/groplay.com\/sv\/#\/schema\/logo\/image\/"},"sameAs":["https:\/\/www.facebook.com\/GroPlay\/","https:\/\/x.com\/groplay","https:\/\/www.instagram.com\/groplay\/","https:\/\/www.linkedin.com\/company\/gro-play-digital","https:\/\/www.pinterest.se\/groplay\/","https:\/\/www.youtube.com\/channel\/UCb0NwSqwHWMSlqMaLlcxDTA"]}]}},"_links":{"self":[{"href":"https:\/\/groplay.com\/sv\/wp-json\/wp\/v2\/pages\/1648","targetHints":{"allow":["GET"]}}],"collection":[{"href":"https:\/\/groplay.com\/sv\/wp-json\/wp\/v2\/pages"}],"about":[{"href":"https:\/\/groplay.com\/sv\/wp-json\/wp\/v2\/types\/page"}],"author":[{"embeddable":true,"href":"https:\/\/groplay.com\/sv\/wp-json\/wp\/v2\/users\/6"}],"replies":[{"embeddable":true,"href":"https:\/\/groplay.com\/sv\/wp-json\/wp\/v2\/comments?post=1648"}],"version-history":[{"count":3,"href":"https:\/\/groplay.com\/sv\/wp-json\/wp\/v2\/pages\/1648\/revisions"}],"predecessor-version":[{"id":1653,"href":"https:\/\/groplay.com\/sv\/wp-json\/wp\/v2\/pages\/1648\/revisions\/1653"}],"wp:attachment":[{"href":"https:\/\/groplay.com\/sv\/wp-json\/wp\/v2\/media?parent=1648"}],"curies":[{"name":"wp","href":"https:\/\/api.w.org\/{rel}","templated":true}]}}