{"id":1284,"date":"2018-05-04T13:11:51","date_gmt":"2018-05-04T11:11:51","guid":{"rendered":"https:\/\/www.groplay.com\/?page_id=1284"},"modified":"2020-05-26T17:29:46","modified_gmt":"2020-05-26T15:29:46","slug":"recycling-school-kit","status":"publish","type":"page","link":"https:\/\/groplay.com\/sv\/recycling-school-kit\/","title":{"rendered":"Skolpaket\u00a0\u2013\u00a0Om \u00e5tervinning"},"content":{"rendered":"<p><\/p>\n<h1 style=\"text-align: center;\">Skolpaket\u00a0<em>\u2013<\/em>\u00a0Om \u00e5tervinning<\/h1>\n<p style=\"text-align: left;\">Skolpaketet om \u00e5tervinning inneh\u00e5ller lektionsplaner, elevuppgifter och andra aktiviteter f\u00f6r att komplettera utbildningsspelet Grow Reycling. Materialet inkluderar blandade l\u00e4rmilj\u00f6er med aktiviteter b\u00e5de i och utanf\u00f6r klassrummet och integrerar \u00e4mnen som matte, teknik, bild, svenska och naturorienterande \u00e4mnen. Varje lektion i skolpaketet inneh\u00e5ller kopplingar till l\u00e4roplanen. Skolpaketen \u00e4r utformade f\u00f6r f\u00f6rskoleklass till \u00e5rskurs 3.<\/p>\n<p>Grow Recycling skolpaket p\u00e5 b\u00e5de svenska och engelska finns gratis att h\u00e4mta l\u00e4ngst ned p\u00e5 sidan. Det finns en\u00a0<a rel=\"noopener noreferrer\" href=\"https:\/\/www.groplay.com\/web-games\/recycling\/\" target=\"_blank\">gratis web-baserad version av Grow Recycling h\u00e4r.<\/a>\u00a0Det g\u00e5r \u00e4ven att k\u00f6pa appen Grow Recycling via\u00a0<a rel=\"noopener noreferrer\" href=\"https:\/\/itunes.apple.com\/app\/gro-recycling\/id663552636\" target=\"_blank\">App Store<\/a>\u00a0och\u00a0<a rel=\"noopener noreferrer\" href=\"https:\/\/play.google.com\/store\/apps\/details?id=com.groplay.grorecycling\" target=\"_blank\">Google Play Store<\/a>. L\u00e4r dig mer om\u00a0<a href=\"https:\/\/www.groplay.com\/education\/\">Grow Play Education<\/a>.<\/p>\n<h2>Grow Recycling trailer<\/h2>\n<div class=\"embed-responsive embed-responsive-16by9\">\n<p align=\"center\"><iframe src=\"https:\/\/www.youtube.com\/embed\/byZASS6-7sc\" width=\"800\" height=\"450\" frameborder=\"0\" allowfullscreen=\"allowfullscreen\"><span data-mce-type=\"bookmark\" style=\"display: inline-block; width: 0px; overflow: hidden; line-height: 0;\" class=\"mce_SELRES_start\">\ufeff<\/span><\/iframe><\/p>\n<\/div>\n<h2><\/h2>\n<p>&nbsp;<\/p>\n<h2 style=\"text-align: center;\">Skolpaket \u00f6verblick<\/h2>\n<p><div class=\"one_third\"><br \/>\n<a href=\"https:\/\/www.groplay.com\/wp-content\/uploads\/2018\/04\/LessonPlans.jpg\"><img loading=\"lazy\" decoding=\"async\" class=\"img-responsive aligncenter wp-image-1210 size-large\" src=\"https:\/\/www.groplay.com\/wp-content\/uploads\/2018\/04\/LessonPlans-1024x805.jpg\" alt=\"\" width=\"1024\" height=\"805\" srcset=\"https:\/\/groplay.com\/wp-content\/uploads\/2018\/04\/LessonPlans-1024x805.jpg 1024w, https:\/\/groplay.com\/wp-content\/uploads\/2018\/04\/LessonPlans-300x236.jpg 300w, https:\/\/groplay.com\/wp-content\/uploads\/2018\/04\/LessonPlans-768x604.jpg 768w, https:\/\/groplay.com\/wp-content\/uploads\/2018\/04\/LessonPlans-191x150.jpg 191w, https:\/\/groplay.com\/wp-content\/uploads\/2018\/04\/LessonPlans.jpg 1052w\" sizes=\"(max-width: 1024px) 100vw, 1024px\" \/><\/a>\n<h3 style=\"text-align: center;\">Lektionsplaner<\/h3>\n<p style=\"text-align: left;\">V\u00e4lj de lektionsuppl\u00e4gg som passar ditt \u00e4ndam\u00e5l eller klass, som att g\u00f6ra ett collage av f\u00f6rpackningar, skapa en \u00e5tervinningsorkester, tillverka \u00e5tervunna vykort, eller l\u00e4ra dig om avfallshierarkin.<\/p>\n<p><\/p><\/div><div class=\"one_third\"><br \/>\n<a href=\"https:\/\/www.groplay.com\/wp-content\/uploads\/2018\/04\/Activities.jpg\"><img loading=\"lazy\" decoding=\"async\" class=\"img-responsive aligncenter wp-image-1226 size-large\" src=\"https:\/\/www.groplay.com\/wp-content\/uploads\/2018\/04\/Activities-1024x807.jpg\" alt=\"\" width=\"1024\" height=\"807\" srcset=\"https:\/\/groplay.com\/wp-content\/uploads\/2018\/04\/Activities-1024x807.jpg 1024w, https:\/\/groplay.com\/wp-content\/uploads\/2018\/04\/Activities-300x236.jpg 300w, https:\/\/groplay.com\/wp-content\/uploads\/2018\/04\/Activities-768x605.jpg 768w, https:\/\/groplay.com\/wp-content\/uploads\/2018\/04\/Activities-190x150.jpg 190w, https:\/\/groplay.com\/wp-content\/uploads\/2018\/04\/Activities.jpg 1052w\" sizes=\"(max-width: 1024px) 100vw, 1024px\" \/><\/a>\n<h3 style=\"text-align: center;\">Elevuppgifter<\/h3>\n<p style=\"text-align: left;\"><span style=\"font-weight: 400;\">F\u00f6rutom att spela Grow Recycling, kan barnen med dessa elevuppgifter \u00f6va sina f\u00e4rdigheter inom temat \u00e5tervinning. Rita din egen \u00e5tervinningsbeh\u00e5llare, skriv en ber\u00e4ttelse om avfall, kn\u00e4ck ett kodat meddelande med matematik, och hitta den g\u00f6mda plasten.<\/span><\/p>\n<p><\/p><\/div><div class=\"one_third_last\"><br \/>\n<a href=\"https:\/\/www.groplay.com\/school-kit-quizzes\/\"><img loading=\"lazy\" decoding=\"async\" class=\"img-responsive aligncenter wp-image-1209 size-large\" src=\"https:\/\/www.groplay.com\/wp-content\/uploads\/2018\/04\/Quiz-1024x805.jpg\" alt=\"\" width=\"1024\" height=\"805\" \/><\/a>\n<h3 style=\"text-align: center;\">Tipspromenad<\/h3>\n<p style=\"text-align: left;\"><span style=\"font-weight: 400;\">H\u00e4r hittar du tipsfr\u00e5gor om \u00e5tervinning som kopplar ihop kunskaper h\u00e4mtade fr\u00e5n spelet Grow Recycling, lektioner och elevuppgifter. Ni kan g\u00f6ra dem tillsammans i klassen eller som en tipspromenad.<\/span><\/p>\n<p><\/p><\/div><div class=\"clear\"><\/div><\/p>\n<h2 style=\"text-align: center;\">Ladda ned Grow Recycling skolpaket<\/h2>\n<p style=\"text-align: center;\"><a rel=\"noopener noreferrer\" href=\"https:\/\/www.groplay.com\/wp-content\/uploads\/2018\/09\/GPRecycling_SV.pdf\" target=\"_blank\" onclick=\"trackOutboundLink(this, 'Schoolkit', 'Schoolkit dl pdf sv'); return false;\"><img loading=\"lazy\" decoding=\"async\" class=\"services_img img-responsive img-widget alignnone wp-image-1247\" style=\"margin: 0px 30px 0px 30px;\" src=\"https:\/\/www.groplay.com\/wp-content\/uploads\/2018\/05\/DownloadSwedish-1.jpg\" alt=\"\" width=\"150\" height=\"115\" srcset=\"https:\/\/groplay.com\/wp-content\/uploads\/2018\/05\/DownloadSwedish-1.jpg 280w, https:\/\/groplay.com\/wp-content\/uploads\/2018\/05\/DownloadSwedish-1-195x150.jpg 195w\" sizes=\"(max-width: 150px) 100vw, 150px\" \/><\/a><a rel=\"noopener noreferrer\" href=\"https:\/\/www.groplay.com\/wp-content\/uploads\/2018\/09\/GPRecycling_EN.pdf\" target=\"_blank\" onclick=\"trackOutboundLink(this, 'Schoolkit', 'Schoolkit dl pdf en'); return false;\"><img loading=\"lazy\" decoding=\"async\" class=\"services_img img-responsive img-widget alignnone wp-image-1248\" style=\"margin: 0px 30px 0px 30px;\" src=\"https:\/\/www.groplay.com\/wp-content\/uploads\/2018\/05\/DownloadEnglish.jpg\" alt=\"\" width=\"150\" height=\"116\" srcset=\"https:\/\/groplay.com\/wp-content\/uploads\/2018\/05\/DownloadEnglish.jpg 280w, https:\/\/groplay.com\/wp-content\/uploads\/2018\/05\/DownloadEnglish-194x150.jpg 194w\" sizes=\"(max-width: 150px) 100vw, 150px\" \/><\/a><\/p>\n<p style=\"text-align: center;\">Ladda ned\u00a0<a rel=\"noopener noreferrer\" href=\"https:\/\/www.groplay.com\/wp-content\/uploads\/2018\/09\/GPRecycling_SV.pdf\" target=\"_blank\">svensk version av skolpaketet<\/a>\u00a0eller\u00a0<a rel=\"noopener noreferrer\" href=\"https:\/\/www.groplay.com\/wp-content\/uploads\/2018\/09\/GPRecycling_EN.pdf\" target=\"_blank\">engelsk version av skolpaketet.<\/a><\/p>\n<p><\/p>","protected":false},"excerpt":{"rendered":"<p>Skolpaket\u00a0\u2013\u00a0Om \u00e5tervinning Skolpaketet om \u00e5tervinning inneh\u00e5ller lektionsplaner, elevuppgifter och andra aktiviteter f\u00f6r att komplettera utbildningsspelet Grow Reycling. Materialet inkluderar blandade l\u00e4rmilj\u00f6er med aktiviteter b\u00e5de i och utanf\u00f6r klassrummet och integrerar \u00e4mnen som matte, teknik, bild, svenska och naturorienterande \u00e4mnen. Varje lektion i skolpaketet inneh\u00e5ller kopplingar till l\u00e4roplanen. Skolpaketen \u00e4r utformade f\u00f6r f\u00f6rskoleklass till \u00e5rskurs 3. [&hellip;]<\/p>\n","protected":false},"author":2,"featured_media":0,"parent":0,"menu_order":0,"comment_status":"closed","ping_status":"closed","template":"","meta":{"_acf_changed":false,"footnotes":""},"class_list":["post-1284","page","type-page","status-publish","hentry","wpautop"],"acf":[],"yoast_head":"<!-- This site is optimized with the Yoast SEO plugin v25.0 - https:\/\/yoast.com\/wordpress\/plugins\/seo\/ -->\n<title>Skolpaket\u00a0\u2013\u00a0Om \u00e5tervinning<\/title>\n<meta name=\"robots\" content=\"index, follow, max-snippet:-1, max-image-preview:large, max-video-preview:-1\" \/>\n<link rel=\"canonical\" href=\"https:\/\/groplay.com\/sv\/recycling-school-kit\/\" \/>\n<meta name=\"twitter:card\" content=\"summary_large_image\" \/>\n<meta name=\"twitter:title\" content=\"Skolpaket\u00a0\u2013\u00a0Om \u00e5tervinning\" \/>\n<meta name=\"twitter:description\" content=\"Skolpaket\u00a0\u2013\u00a0Om \u00e5tervinning Skolpaketet om \u00e5tervinning inneh\u00e5ller lektionsplaner, elevuppgifter och andra aktiviteter f\u00f6r att komplettera utbildningsspelet Grow Reycling. Materialet inkluderar blandade l\u00e4rmilj\u00f6er med aktiviteter b\u00e5de i och utanf\u00f6r klassrummet och integrerar \u00e4mnen som matte, teknik, bild, svenska och naturorienterande \u00e4mnen. Varje lektion i skolpaketet inneh\u00e5ller kopplingar till l\u00e4roplanen. Skolpaketen \u00e4r utformade f\u00f6r f\u00f6rskoleklass till \u00e5rskurs 3. [&hellip;]\" \/>\n<meta name=\"twitter:image\" content=\"https:\/\/www.groplay.com\/wp-content\/uploads\/2018\/09\/Grow_Recycling_School_English_Thumb-1-300x236.png\" \/>\n<meta name=\"twitter:site\" content=\"@groplay\" \/>\n<meta name=\"twitter:label1\" content=\"Ber\u00e4knad l\u00e4stid\" \/>\n\t<meta name=\"twitter:data1\" content=\"3 minuter\" \/>\n<script type=\"application\/ld+json\" class=\"yoast-schema-graph\">{\"@context\":\"https:\/\/schema.org\",\"@graph\":[{\"@type\":\"WebPage\",\"@id\":\"https:\/\/groplay.com\/sv\/recycling-school-kit\/\",\"url\":\"https:\/\/groplay.com\/sv\/recycling-school-kit\/\",\"name\":\"Skolpaket\u00a0\u2013\u00a0Om \u00e5tervinning\",\"isPartOf\":{\"@id\":\"https:\/\/groplay.com\/sv\/#website\"},\"primaryImageOfPage\":{\"@id\":\"https:\/\/groplay.com\/sv\/recycling-school-kit\/#primaryimage\"},\"image\":{\"@id\":\"https:\/\/groplay.com\/sv\/recycling-school-kit\/#primaryimage\"},\"thumbnailUrl\":\"https:\/\/www.groplay.com\/wp-content\/uploads\/2018\/09\/Grow_Recycling_School_English_Thumb-1-300x236.png\",\"datePublished\":\"2018-05-04T11:11:51+00:00\",\"dateModified\":\"2020-05-26T15:29:46+00:00\",\"breadcrumb\":{\"@id\":\"https:\/\/groplay.com\/sv\/recycling-school-kit\/#breadcrumb\"},\"inLanguage\":\"sv-SE\",\"potentialAction\":[{\"@type\":\"ReadAction\",\"target\":[\"https:\/\/groplay.com\/sv\/recycling-school-kit\/\"]}]},{\"@type\":\"ImageObject\",\"inLanguage\":\"sv-SE\",\"@id\":\"https:\/\/groplay.com\/sv\/recycling-school-kit\/#primaryimage\",\"url\":\"https:\/\/www.groplay.com\/wp-content\/uploads\/2018\/09\/Grow_Recycling_School_English_Thumb-1-300x236.png\",\"contentUrl\":\"https:\/\/www.groplay.com\/wp-content\/uploads\/2018\/09\/Grow_Recycling_School_English_Thumb-1-300x236.png\"},{\"@type\":\"BreadcrumbList\",\"@id\":\"https:\/\/groplay.com\/sv\/recycling-school-kit\/#breadcrumb\",\"itemListElement\":[{\"@type\":\"ListItem\",\"position\":1,\"name\":\"Home\",\"item\":\"https:\/\/groplay.com\/\"},{\"@type\":\"ListItem\",\"position\":2,\"name\":\"Skolpaket\u00a0\u2013\u00a0Om \u00e5tervinning\"}]},{\"@type\":\"WebSite\",\"@id\":\"https:\/\/groplay.com\/sv\/#website\",\"url\":\"https:\/\/groplay.com\/sv\/\",\"name\":\"Gro Play\",\"description\":\"Playing to change the world\",\"publisher\":{\"@id\":\"https:\/\/groplay.com\/sv\/#organization\"},\"potentialAction\":[{\"@type\":\"SearchAction\",\"target\":{\"@type\":\"EntryPoint\",\"urlTemplate\":\"https:\/\/groplay.com\/sv\/?s={search_term_string}\"},\"query-input\":{\"@type\":\"PropertyValueSpecification\",\"valueRequired\":true,\"valueName\":\"search_term_string\"}}],\"inLanguage\":\"sv-SE\"},{\"@type\":\"Organization\",\"@id\":\"https:\/\/groplay.com\/sv\/#organization\",\"name\":\"Gro Play\",\"url\":\"https:\/\/groplay.com\/sv\/\",\"logo\":{\"@type\":\"ImageObject\",\"inLanguage\":\"sv-SE\",\"@id\":\"https:\/\/groplay.com\/sv\/#\/schema\/logo\/image\/\",\"url\":\"https:\/\/www.groplay.com\/wp-content\/uploads\/2012\/11\/logo_small.png\",\"contentUrl\":\"https:\/\/www.groplay.com\/wp-content\/uploads\/2012\/11\/logo_small.png\",\"width\":\"93\",\"height\":\"109\",\"caption\":\"Gro Play\"},\"image\":{\"@id\":\"https:\/\/groplay.com\/sv\/#\/schema\/logo\/image\/\"},\"sameAs\":[\"https:\/\/www.facebook.com\/GroPlay\/\",\"https:\/\/x.com\/groplay\",\"https:\/\/www.instagram.com\/groplay\/\",\"https:\/\/www.linkedin.com\/company\/gro-play-digital\",\"https:\/\/www.pinterest.se\/groplay\/\",\"https:\/\/www.youtube.com\/channel\/UCb0NwSqwHWMSlqMaLlcxDTA\"]}]}<\/script>\n<!-- \/ Yoast SEO plugin. -->","yoast_head_json":{"title":"Skolpaket\u00a0\u2013\u00a0Om \u00e5tervinning","robots":{"index":"index","follow":"follow","max-snippet":"max-snippet:-1","max-image-preview":"max-image-preview:large","max-video-preview":"max-video-preview:-1"},"canonical":"https:\/\/groplay.com\/sv\/recycling-school-kit\/","twitter_card":"summary_large_image","twitter_title":"Skolpaket\u00a0\u2013\u00a0Om \u00e5tervinning","twitter_description":"Skolpaket\u00a0\u2013\u00a0Om \u00e5tervinning Skolpaketet om \u00e5tervinning inneh\u00e5ller lektionsplaner, elevuppgifter och andra aktiviteter f\u00f6r att komplettera utbildningsspelet Grow Reycling. Materialet inkluderar blandade l\u00e4rmilj\u00f6er med aktiviteter b\u00e5de i och utanf\u00f6r klassrummet och integrerar \u00e4mnen som matte, teknik, bild, svenska och naturorienterande \u00e4mnen. Varje lektion i skolpaketet inneh\u00e5ller kopplingar till l\u00e4roplanen. Skolpaketen \u00e4r utformade f\u00f6r f\u00f6rskoleklass till \u00e5rskurs 3. [&hellip;]","twitter_image":"https:\/\/www.groplay.com\/wp-content\/uploads\/2018\/09\/Grow_Recycling_School_English_Thumb-1-300x236.png","twitter_site":"@groplay","twitter_misc":{"Ber\u00e4knad l\u00e4stid":"3 minuter"},"schema":{"@context":"https:\/\/schema.org","@graph":[{"@type":"WebPage","@id":"https:\/\/groplay.com\/sv\/recycling-school-kit\/","url":"https:\/\/groplay.com\/sv\/recycling-school-kit\/","name":"Skolpaket\u00a0\u2013\u00a0Om \u00e5tervinning","isPartOf":{"@id":"https:\/\/groplay.com\/sv\/#website"},"primaryImageOfPage":{"@id":"https:\/\/groplay.com\/sv\/recycling-school-kit\/#primaryimage"},"image":{"@id":"https:\/\/groplay.com\/sv\/recycling-school-kit\/#primaryimage"},"thumbnailUrl":"https:\/\/www.groplay.com\/wp-content\/uploads\/2018\/09\/Grow_Recycling_School_English_Thumb-1-300x236.png","datePublished":"2018-05-04T11:11:51+00:00","dateModified":"2020-05-26T15:29:46+00:00","breadcrumb":{"@id":"https:\/\/groplay.com\/sv\/recycling-school-kit\/#breadcrumb"},"inLanguage":"sv-SE","potentialAction":[{"@type":"ReadAction","target":["https:\/\/groplay.com\/sv\/recycling-school-kit\/"]}]},{"@type":"ImageObject","inLanguage":"sv-SE","@id":"https:\/\/groplay.com\/sv\/recycling-school-kit\/#primaryimage","url":"https:\/\/www.groplay.com\/wp-content\/uploads\/2018\/09\/Grow_Recycling_School_English_Thumb-1-300x236.png","contentUrl":"https:\/\/www.groplay.com\/wp-content\/uploads\/2018\/09\/Grow_Recycling_School_English_Thumb-1-300x236.png"},{"@type":"BreadcrumbList","@id":"https:\/\/groplay.com\/sv\/recycling-school-kit\/#breadcrumb","itemListElement":[{"@type":"ListItem","position":1,"name":"Home","item":"https:\/\/groplay.com\/"},{"@type":"ListItem","position":2,"name":"Skolpaket\u00a0\u2013\u00a0Om \u00e5tervinning"}]},{"@type":"WebSite","@id":"https:\/\/groplay.com\/sv\/#website","url":"https:\/\/groplay.com\/sv\/","name":"Gro Play","description":"Playing to change the world","publisher":{"@id":"https:\/\/groplay.com\/sv\/#organization"},"potentialAction":[{"@type":"SearchAction","target":{"@type":"EntryPoint","urlTemplate":"https:\/\/groplay.com\/sv\/?s={search_term_string}"},"query-input":{"@type":"PropertyValueSpecification","valueRequired":true,"valueName":"search_term_string"}}],"inLanguage":"sv-SE"},{"@type":"Organization","@id":"https:\/\/groplay.com\/sv\/#organization","name":"Gro Play","url":"https:\/\/groplay.com\/sv\/","logo":{"@type":"ImageObject","inLanguage":"sv-SE","@id":"https:\/\/groplay.com\/sv\/#\/schema\/logo\/image\/","url":"https:\/\/www.groplay.com\/wp-content\/uploads\/2012\/11\/logo_small.png","contentUrl":"https:\/\/www.groplay.com\/wp-content\/uploads\/2012\/11\/logo_small.png","width":"93","height":"109","caption":"Gro Play"},"image":{"@id":"https:\/\/groplay.com\/sv\/#\/schema\/logo\/image\/"},"sameAs":["https:\/\/www.facebook.com\/GroPlay\/","https:\/\/x.com\/groplay","https:\/\/www.instagram.com\/groplay\/","https:\/\/www.linkedin.com\/company\/gro-play-digital","https:\/\/www.pinterest.se\/groplay\/","https:\/\/www.youtube.com\/channel\/UCb0NwSqwHWMSlqMaLlcxDTA"]}]}},"_links":{"self":[{"href":"https:\/\/groplay.com\/sv\/wp-json\/wp\/v2\/pages\/1284","targetHints":{"allow":["GET"]}}],"collection":[{"href":"https:\/\/groplay.com\/sv\/wp-json\/wp\/v2\/pages"}],"about":[{"href":"https:\/\/groplay.com\/sv\/wp-json\/wp\/v2\/types\/page"}],"author":[{"embeddable":true,"href":"https:\/\/groplay.com\/sv\/wp-json\/wp\/v2\/users\/2"}],"replies":[{"embeddable":true,"href":"https:\/\/groplay.com\/sv\/wp-json\/wp\/v2\/comments?post=1284"}],"version-history":[{"count":35,"href":"https:\/\/groplay.com\/sv\/wp-json\/wp\/v2\/pages\/1284\/revisions"}],"predecessor-version":[{"id":1638,"href":"https:\/\/groplay.com\/sv\/wp-json\/wp\/v2\/pages\/1284\/revisions\/1638"}],"wp:attachment":[{"href":"https:\/\/groplay.com\/sv\/wp-json\/wp\/v2\/media?parent=1284"}],"curies":[{"name":"wp","href":"https:\/\/api.w.org\/{rel}","templated":true}]}}